{"id":2,"date":"2024-06-03T20:17:01","date_gmt":"2024-06-03T20:17:01","guid":{"rendered":"https:\/\/iskonyapiinsaat.com\/?page_id=2"},"modified":"2024-06-07T08:03:56","modified_gmt":"2024-06-07T08:03:56","slug":"sample-page","status":"publish","type":"page","link":"https:\/\/iskonyapiinsaat.com\/?page_id=2","title":{"rendered":"Tamamlanan Projeler"},"content":{"rendered":"\n<div class=\"wp-block-group alignfull has-accent-5-background-color has-background has-global-padding is-layout-constrained wp-container-core-group-is-layout-d89aad35 wp-block-group-is-layout-constrained\" style=\"margin-top:0;margin-bottom:0;padding-top:var(--wp--preset--spacing--50);padding-right:var(--wp--preset--spacing--50);padding-bottom:var(--wp--preset--spacing--50);padding-left:var(--wp--preset--spacing--50)\">\n<div class=\"wp-block-columns alignwide is-layout-flex wp-container-core-columns-is-layout-1da03c2a wp-block-columns-is-layout-flex\">\n<div class=\"wp-block-column is-vertically-aligned-center is-layout-flow wp-block-column-is-layout-flow\" style=\"flex-basis:60%\">\n<figure class=\"wp-block-image size-full is-style-rounded wp-duotone-unset-2 is-style-rounded--1\"><img loading=\"lazy\" decoding=\"async\" width=\"2048\" height=\"1536\" src=\"https:\/\/iskonyapiinsaat.com\/wp-content\/uploads\/2024\/06\/WhatsApp-Gorsel-2024-05-16-saat-15.21.53_14b9543a.jpg\" alt=\"\" class=\"wp-image-46\" style=\"aspect-ratio:4\/3;object-fit:cover\" srcset=\"https:\/\/iskonyapiinsaat.com\/wp-content\/uploads\/2024\/06\/WhatsApp-Gorsel-2024-05-16-saat-15.21.53_14b9543a.jpg 2048w, https:\/\/iskonyapiinsaat.com\/wp-content\/uploads\/2024\/06\/WhatsApp-Gorsel-2024-05-16-saat-15.21.53_14b9543a-300x225.jpg 300w, https:\/\/iskonyapiinsaat.com\/wp-content\/uploads\/2024\/06\/WhatsApp-Gorsel-2024-05-16-saat-15.21.53_14b9543a-1024x768.jpg 1024w, https:\/\/iskonyapiinsaat.com\/wp-content\/uploads\/2024\/06\/WhatsApp-Gorsel-2024-05-16-saat-15.21.53_14b9543a-768x576.jpg 768w, https:\/\/iskonyapiinsaat.com\/wp-content\/uploads\/2024\/06\/WhatsApp-Gorsel-2024-05-16-saat-15.21.53_14b9543a-1536x1152.jpg 1536w\" sizes=\"auto, (max-width: 2048px) 100vw, 2048px\" \/><\/figure>\n<\/div>\n\n\n\n<div class=\"wp-block-column is-layout-flow wp-block-column-is-layout-flow\" style=\"flex-basis:40%\">\n<h2 class=\"wp-block-heading\">Diamond Life Konutlar\u0131<\/h2>\n\n\n\n<p>Hatay \u0130skenderun&#8217;da 16 daire 3 ticariden olu\u015fan projemiz 2022 y\u0131l\u0131nda kullan\u0131m\u0131na ba\u015flanm\u0131\u015ft\u0131r.<\/p>\n\n\n\n<div class=\"wp-block-buttons is-layout-flex wp-block-buttons-is-layout-flex\">\n<div class=\"wp-block-button\"><a class=\"wp-block-button__link wp-element-button\" href=\"https:\/\/iskonyapiinsaat.com\/?page_id=45\">Hakk\u0131nda<\/a><\/div>\n<\/div>\n<\/div>\n<\/div>\n<\/div>\n\n\n\n<p><\/p>\n\n\n\n<div class=\"wp-block-group alignfull has-global-padding is-layout-constrained wp-container-core-group-is-layout-d89aad35 wp-block-group-is-layout-constrained\" style=\"margin-top:0;margin-bottom:0;padding-top:var(--wp--preset--spacing--50);padding-right:var(--wp--preset--spacing--50);padding-bottom:var(--wp--preset--spacing--50);padding-left:var(--wp--preset--spacing--50)\">\n<div class=\"wp-block-columns alignwide are-vertically-aligned-center is-layout-flex wp-container-core-columns-is-layout-47c06fe3 wp-block-columns-is-layout-flex\">\n<div class=\"wp-block-column is-vertically-aligned-center is-layout-flow wp-block-column-is-layout-flow\" style=\"flex-basis:50%\">\n<h2 class=\"wp-block-heading\">G\u00f6ksu Evleri<\/h2>\n\n\n\n<p>Konya Sel\u00e7uklu Yaz\u0131r mahallesindeki 16 dairelik projemiz 2018 y\u0131l\u0131nda kullan\u0131ma ba\u015flam\u0131\u015ft\u0131r.<\/p>\n\n\n\n<div class=\"wp-block-buttons is-layout-flex wp-block-buttons-is-layout-flex\">\n<div class=\"wp-block-button\"><a class=\"wp-block-button__link wp-element-button\" href=\"https:\/\/iskonyapiinsaat.com\/?page_id=78\">Hakk\u0131nda<\/a><\/div>\n<\/div>\n<\/div>\n\n\n\n<div class=\"wp-block-column is-vertically-aligned-center is-layout-flow wp-block-column-is-layout-flow\" style=\"flex-basis:50%\">\n<figure class=\"wp-block-image size-full is-style-rounded is-style-rounded--3\"><img loading=\"lazy\" decoding=\"async\" width=\"960\" height=\"640\" src=\"https:\/\/iskonyapiinsaat.com\/wp-content\/uploads\/2024\/06\/goksu.jpg\" alt=\"\" class=\"wp-image-64\" style=\"aspect-ratio:4\/3;object-fit:cover\" srcset=\"https:\/\/iskonyapiinsaat.com\/wp-content\/uploads\/2024\/06\/goksu.jpg 960w, https:\/\/iskonyapiinsaat.com\/wp-content\/uploads\/2024\/06\/goksu-300x200.jpg 300w, https:\/\/iskonyapiinsaat.com\/wp-content\/uploads\/2024\/06\/goksu-768x512.jpg 768w\" sizes=\"auto, (max-width: 960px) 100vw, 960px\" \/><\/figure>\n<\/div>\n<\/div>\n<\/div>\n\n\n\n<div class=\"wp-block-group alignfull has-accent-5-background-color has-background has-global-padding is-layout-constrained wp-container-core-group-is-layout-d89aad35 wp-block-group-is-layout-constrained\" style=\"margin-top:0;margin-bottom:0;padding-top:var(--wp--preset--spacing--50);padding-right:var(--wp--preset--spacing--50);padding-bottom:var(--wp--preset--spacing--50);padding-left:var(--wp--preset--spacing--50)\">\n<div class=\"wp-block-columns alignwide is-layout-flex wp-container-core-columns-is-layout-1da03c2a wp-block-columns-is-layout-flex\">\n<div class=\"wp-block-column is-vertically-aligned-center is-layout-flow wp-block-column-is-layout-flow\" style=\"flex-basis:60%\">\n<figure class=\"wp-block-image size-full is-style-rounded wp-duotone-unset-5 is-style-rounded--4\"><img loading=\"lazy\" decoding=\"async\" width=\"1440\" height=\"1080\" src=\"https:\/\/iskonyapiinsaat.com\/wp-content\/uploads\/2024\/06\/prestij.jpg\" alt=\"\" class=\"wp-image-65\" style=\"aspect-ratio:4\/3;object-fit:cover\" srcset=\"https:\/\/iskonyapiinsaat.com\/wp-content\/uploads\/2024\/06\/prestij.jpg 1440w, https:\/\/iskonyapiinsaat.com\/wp-content\/uploads\/2024\/06\/prestij-300x225.jpg 300w, https:\/\/iskonyapiinsaat.com\/wp-content\/uploads\/2024\/06\/prestij-1024x768.jpg 1024w, https:\/\/iskonyapiinsaat.com\/wp-content\/uploads\/2024\/06\/prestij-768x576.jpg 768w\" sizes=\"auto, (max-width: 1440px) 100vw, 1440px\" \/><\/figure>\n<\/div>\n\n\n\n<div class=\"wp-block-column is-layout-flow wp-block-column-is-layout-flow\" style=\"flex-basis:40%\">\n<h2 class=\"wp-block-heading\">G\u00f6ksu Prestij Konutlar\u0131<\/h2>\n\n\n\n<p>Konya Sel\u00e7uklu Yaz\u0131r mahallesindeki 12 daire 8 ticariden olu\u015fan projemiz 2016 y\u0131l\u0131nda kullan\u0131ma ba\u015flam\u0131\u015ft\u0131r.<\/p>\n\n\n\n<div class=\"wp-block-buttons is-layout-flex wp-block-buttons-is-layout-flex\">\n<div class=\"wp-block-button\"><a class=\"wp-block-button__link wp-element-button\" href=\"https:\/\/iskonyapiinsaat.com\/?page_id=82\">Hakk\u0131nda<\/a><\/div>\n<\/div>\n<\/div>\n<\/div>\n<\/div>\n\n\n\n<div class=\"wp-block-group alignfull has-global-padding is-layout-constrained wp-container-core-group-is-layout-b25ccd55 wp-block-group-is-layout-constrained\" style=\"margin-top:0;margin-bottom:0;padding-top:var(--wp--preset--spacing--50);padding-right:var(--wp--preset--spacing--50);padding-bottom:var(--wp--preset--spacing--50);padding-left:var(--wp--preset--spacing--50)\">\n<div class=\"wp-block-columns alignwide is-layout-flex wp-container-core-columns-is-layout-ff4b9c61 wp-block-columns-is-layout-flex\" style=\"margin-top:0;margin-bottom:0\">\n<div class=\"wp-block-column is-layout-flow wp-container-core-column-is-layout-8a368f38 wp-block-column-is-layout-flow\">\n<p class=\"has-heading-font-family has-x-large-font-size\">Mercano\u011flu Pastanesi<\/p>\n\n\n\n<p><\/p>\n\n\n\n<p>Denizciler \/ \u0130skenderun<\/p>\n\n\n\n<p>Anahtar teslim pastane i\u015fimiz &#8211; 2024<\/p>\n\n\n\n<p>iskonyap\u0131 &amp; S\u0131r\u00e7ayap\u0131 in\u015faat<\/p>\n\n\n\n<div style=\"height:var(--wp--preset--spacing--50)\" aria-hidden=\"true\" class=\"wp-block-spacer\"><\/div>\n\n\n\n<figure class=\"wp-block-image size-large is-style-rounded is-style-rounded--6\"><img loading=\"lazy\" decoding=\"async\" width=\"1024\" height=\"768\" src=\"https:\/\/iskonyapiinsaat.com\/wp-content\/uploads\/2024\/06\/IMG-20240606-WA0014-1024x768.jpg\" alt=\"\" class=\"wp-image-137\" style=\"aspect-ratio:1;object-fit:cover\" srcset=\"https:\/\/iskonyapiinsaat.com\/wp-content\/uploads\/2024\/06\/IMG-20240606-WA0014-1024x768.jpg 1024w, https:\/\/iskonyapiinsaat.com\/wp-content\/uploads\/2024\/06\/IMG-20240606-WA0014-300x225.jpg 300w, https:\/\/iskonyapiinsaat.com\/wp-content\/uploads\/2024\/06\/IMG-20240606-WA0014-768x576.jpg 768w, https:\/\/iskonyapiinsaat.com\/wp-content\/uploads\/2024\/06\/IMG-20240606-WA0014-1536x1152.jpg 1536w, https:\/\/iskonyapiinsaat.com\/wp-content\/uploads\/2024\/06\/IMG-20240606-WA0014-2048x1536.jpg 2048w\" sizes=\"auto, (max-width: 1024px) 100vw, 1024px\" \/><\/figure>\n\n\n\n<div style=\"height:var(--wp--preset--spacing--50)\" aria-hidden=\"true\" class=\"wp-block-spacer\"><\/div>\n\n\n\n<figure class=\"wp-block-image size-large is-style-rounded is-style-rounded--7\"><img loading=\"lazy\" decoding=\"async\" width=\"1024\" height=\"768\" src=\"https:\/\/iskonyapiinsaat.com\/wp-content\/uploads\/2024\/06\/IMG-20240606-WA0016-1024x768.jpg\" alt=\"\" class=\"wp-image-140\" style=\"aspect-ratio:1;object-fit:cover\" srcset=\"https:\/\/iskonyapiinsaat.com\/wp-content\/uploads\/2024\/06\/IMG-20240606-WA0016-1024x768.jpg 1024w, https:\/\/iskonyapiinsaat.com\/wp-content\/uploads\/2024\/06\/IMG-20240606-WA0016-300x225.jpg 300w, https:\/\/iskonyapiinsaat.com\/wp-content\/uploads\/2024\/06\/IMG-20240606-WA0016-768x576.jpg 768w, https:\/\/iskonyapiinsaat.com\/wp-content\/uploads\/2024\/06\/IMG-20240606-WA0016-1536x1152.jpg 1536w, https:\/\/iskonyapiinsaat.com\/wp-content\/uploads\/2024\/06\/IMG-20240606-WA0016-2048x1536.jpg 2048w\" sizes=\"auto, (max-width: 1024px) 100vw, 1024px\" \/><\/figure>\n<\/div>\n\n\n\n<div class=\"wp-block-column is-layout-flow wp-container-core-column-is-layout-8a368f38 wp-block-column-is-layout-flow\">\n<p><\/p>\n\n\n\n<div style=\"height:var(--wp--preset--spacing--50)\" aria-hidden=\"true\" class=\"wp-block-spacer\"><\/div>\n\n\n\n<div style=\"height:var(--wp--preset--spacing--50)\" aria-hidden=\"true\" class=\"wp-block-spacer\"><\/div>\n\n\n\n<p><\/p>\n\n\n\n<div style=\"height:var(--wp--preset--spacing--50)\" aria-hidden=\"true\" class=\"wp-block-spacer\"><\/div>\n\n\n\n<figure class=\"wp-block-image size-large is-style-rounded is-style-rounded--8\"><img loading=\"lazy\" decoding=\"async\" width=\"1024\" height=\"768\" src=\"https:\/\/iskonyapiinsaat.com\/wp-content\/uploads\/2024\/06\/IMG-20240606-WA0012-1024x768.jpg\" alt=\"\" class=\"wp-image-138\" style=\"aspect-ratio:1;object-fit:cover\" srcset=\"https:\/\/iskonyapiinsaat.com\/wp-content\/uploads\/2024\/06\/IMG-20240606-WA0012-1024x768.jpg 1024w, https:\/\/iskonyapiinsaat.com\/wp-content\/uploads\/2024\/06\/IMG-20240606-WA0012-300x225.jpg 300w, https:\/\/iskonyapiinsaat.com\/wp-content\/uploads\/2024\/06\/IMG-20240606-WA0012-768x576.jpg 768w, https:\/\/iskonyapiinsaat.com\/wp-content\/uploads\/2024\/06\/IMG-20240606-WA0012-1536x1152.jpg 1536w, https:\/\/iskonyapiinsaat.com\/wp-content\/uploads\/2024\/06\/IMG-20240606-WA0012-2048x1536.jpg 2048w\" sizes=\"auto, (max-width: 1024px) 100vw, 1024px\" \/><\/figure>\n\n\n\n<div style=\"height:var(--wp--preset--spacing--50)\" aria-hidden=\"true\" class=\"wp-block-spacer\"><\/div>\n\n\n\n<figure class=\"wp-block-image size-large is-style-rounded is-style-rounded--9\"><img loading=\"lazy\" decoding=\"async\" width=\"1024\" height=\"768\" src=\"https:\/\/iskonyapiinsaat.com\/wp-content\/uploads\/2024\/06\/IMG-20240606-WA0017-1024x768.jpg\" alt=\"\" class=\"wp-image-141\" style=\"aspect-ratio:1;object-fit:cover\" srcset=\"https:\/\/iskonyapiinsaat.com\/wp-content\/uploads\/2024\/06\/IMG-20240606-WA0017-1024x768.jpg 1024w, https:\/\/iskonyapiinsaat.com\/wp-content\/uploads\/2024\/06\/IMG-20240606-WA0017-300x225.jpg 300w, https:\/\/iskonyapiinsaat.com\/wp-content\/uploads\/2024\/06\/IMG-20240606-WA0017-768x576.jpg 768w, https:\/\/iskonyapiinsaat.com\/wp-content\/uploads\/2024\/06\/IMG-20240606-WA0017-1536x1152.jpg 1536w, https:\/\/iskonyapiinsaat.com\/wp-content\/uploads\/2024\/06\/IMG-20240606-WA0017-2048x1536.jpg 2048w\" sizes=\"auto, (max-width: 1024px) 100vw, 1024px\" \/><\/figure>\n<\/div>\n\n\n\n<div class=\"wp-block-column is-layout-flow wp-container-core-column-is-layout-8a368f38 wp-block-column-is-layout-flow\">\n<div style=\"height:var(--wp--preset--spacing--50)\" aria-hidden=\"true\" class=\"wp-block-spacer\"><\/div>\n\n\n\n<figure class=\"wp-block-image size-large is-style-rounded is-style-rounded--10\"><img loading=\"lazy\" decoding=\"async\" width=\"1024\" height=\"768\" src=\"https:\/\/iskonyapiinsaat.com\/wp-content\/uploads\/2024\/06\/IMG-20240606-WA0015-1024x768.jpg\" alt=\"\" class=\"wp-image-139\" style=\"aspect-ratio:1;object-fit:cover\" srcset=\"https:\/\/iskonyapiinsaat.com\/wp-content\/uploads\/2024\/06\/IMG-20240606-WA0015-1024x768.jpg 1024w, https:\/\/iskonyapiinsaat.com\/wp-content\/uploads\/2024\/06\/IMG-20240606-WA0015-300x225.jpg 300w, https:\/\/iskonyapiinsaat.com\/wp-content\/uploads\/2024\/06\/IMG-20240606-WA0015-768x576.jpg 768w, https:\/\/iskonyapiinsaat.com\/wp-content\/uploads\/2024\/06\/IMG-20240606-WA0015-1536x1152.jpg 1536w, https:\/\/iskonyapiinsaat.com\/wp-content\/uploads\/2024\/06\/IMG-20240606-WA0015-2048x1536.jpg 2048w\" sizes=\"auto, (max-width: 1024px) 100vw, 1024px\" \/><\/figure>\n\n\n\n<div style=\"height:var(--wp--preset--spacing--50)\" aria-hidden=\"true\" class=\"wp-block-spacer\"><\/div>\n\n\n\n<figure class=\"wp-block-image size-large is-style-rounded is-style-rounded--11\"><img loading=\"lazy\" decoding=\"async\" width=\"1024\" height=\"768\" src=\"https:\/\/iskonyapiinsaat.com\/wp-content\/uploads\/2024\/06\/IMG-20240606-WA0018-1024x768.jpg\" alt=\"\" class=\"wp-image-142\" style=\"aspect-ratio:1;object-fit:cover\" srcset=\"https:\/\/iskonyapiinsaat.com\/wp-content\/uploads\/2024\/06\/IMG-20240606-WA0018-1024x768.jpg 1024w, https:\/\/iskonyapiinsaat.com\/wp-content\/uploads\/2024\/06\/IMG-20240606-WA0018-300x225.jpg 300w, https:\/\/iskonyapiinsaat.com\/wp-content\/uploads\/2024\/06\/IMG-20240606-WA0018-768x576.jpg 768w, https:\/\/iskonyapiinsaat.com\/wp-content\/uploads\/2024\/06\/IMG-20240606-WA0018-1536x1152.jpg 1536w, https:\/\/iskonyapiinsaat.com\/wp-content\/uploads\/2024\/06\/IMG-20240606-WA0018-2048x1536.jpg 2048w\" sizes=\"auto, (max-width: 1024px) 100vw, 1024px\" \/><\/figure>\n<\/div>\n<\/div>\n\n\n\n<div class=\"wp-block-group has-global-padding is-layout-constrained wp-block-group-is-layout-constrained\">\n<hr class=\"wp-block-separator has-alpha-channel-opacity is-style-wide\"\/>\n<\/div>\n<\/div>\n","protected":false},"excerpt":{"rendered":"<p>Diamond Life Konutlar\u0131 Hatay \u0130skenderun&#8217;da 16 daire 3 ticariden olu\u015fan projemiz 2022 y\u0131l\u0131nda kullan\u0131m\u0131na ba\u015flanm\u0131\u015ft\u0131r. G\u00f6ksu Evleri Konya Sel\u00e7uklu Yaz\u0131r mahallesindeki 16 dairelik projemiz 2018 y\u0131l\u0131nda kullan\u0131ma ba\u015flam\u0131\u015ft\u0131r. G\u00f6ksu Prestij Konutlar\u0131 Konya Sel\u00e7uklu Yaz\u0131r mahallesindeki 12 daire 8 ticariden olu\u015fan projemiz 2016 y\u0131l\u0131nda kullan\u0131ma ba\u015flam\u0131\u015ft\u0131r. Mercano\u011flu Pastanesi Denizciler \/ \u0130skenderun Anahtar teslim pastane i\u015fimiz &#8211; [&hellip;]<\/p>\n","protected":false},"author":1,"featured_media":0,"parent":0,"menu_order":3,"comment_status":"closed","ping_status":"closed","template":"","meta":{"footnotes":""},"class_list":["post-2","page","type-page","status-publish","hentry"],"_links":{"self":[{"href":"https:\/\/iskonyapiinsaat.com\/index.php?rest_route=\/wp\/v2\/pages\/2","targetHints":{"allow":["GET"]}}],"collection":[{"href":"https:\/\/iskonyapiinsaat.com\/index.php?rest_route=\/wp\/v2\/pages"}],"about":[{"href":"https:\/\/iskonyapiinsaat.com\/index.php?rest_route=\/wp\/v2\/types\/page"}],"author":[{"embeddable":true,"href":"https:\/\/iskonyapiinsaat.com\/index.php?rest_route=\/wp\/v2\/users\/1"}],"replies":[{"embeddable":true,"href":"https:\/\/iskonyapiinsaat.com\/index.php?rest_route=%2Fwp%2Fv2%2Fcomments&post=2"}],"version-history":[{"count":9,"href":"https:\/\/iskonyapiinsaat.com\/index.php?rest_route=\/wp\/v2\/pages\/2\/revisions"}],"predecessor-version":[{"id":173,"href":"https:\/\/iskonyapiinsaat.com\/index.php?rest_route=\/wp\/v2\/pages\/2\/revisions\/173"}],"wp:attachment":[{"href":"https:\/\/iskonyapiinsaat.com\/index.php?rest_route=%2Fwp%2Fv2%2Fmedia&parent=2"}],"curies":[{"name":"wp","href":"https:\/\/api.w.org\/{rel}","templated":true}]}}