{"id":45,"date":"2024-06-06T06:30:51","date_gmt":"2024-06-06T06:30:51","guid":{"rendered":"https:\/\/iskonyapiinsaat.com\/?page_id=45"},"modified":"2024-06-07T08:28:51","modified_gmt":"2024-06-07T08:28:51","slug":"diamond-life-konutlari","status":"publish","type":"page","link":"https:\/\/iskonyapiinsaat.com\/?page_id=45","title":{"rendered":"Diamond Life Konutlar\u0131"},"content":{"rendered":"\n<div class=\"wp-block-group alignfull has-global-padding is-layout-constrained wp-container-core-group-is-layout-490fa1db wp-block-group-is-layout-constrained\" style=\"padding-top:var(--wp--preset--spacing--50);padding-right:var(--wp--preset--spacing--50);padding-bottom:var(--wp--preset--spacing--50);padding-left:var(--wp--preset--spacing--50)\">\n<div class=\"wp-block-group has-global-padding is-layout-constrained wp-container-core-group-is-layout-650790e1 wp-block-group-is-layout-constrained\">\n<h2 class=\"wp-block-heading has-text-align-center has-x-large-font-size\">Elmastan ilham ald\u0131k sizin i\u00e7in tasarlad\u0131k. <\/h2>\n\n\n\n<h2 class=\"wp-block-heading has-text-align-center has-x-large-font-size\">\ud83d\udc8e<\/h2>\n\n\n\n<p><\/p>\n\n\n\n<p><\/p>\n\n\n\n<div style=\"height:1.25rem\" aria-hidden=\"true\" class=\"wp-block-spacer\"><\/div>\n\n\n\n<p class=\"has-text-align-center\">Manzara bir evin do\u011fal tablosudur.<\/p>\n\n\n\n<div style=\"height:1.25rem\" aria-hidden=\"true\" class=\"wp-block-spacer\"><\/div>\n\n\n\n<div class=\"wp-block-buttons is-content-justification-center is-layout-flex wp-container-core-buttons-is-layout-a89b3969 wp-block-buttons-is-layout-flex\"><\/div>\n<\/div>\n\n\n\n<div style=\"height:var(--wp--preset--spacing--30)\" aria-hidden=\"true\" class=\"wp-block-spacer\"><\/div>\n\n\n\n<figure class=\"wp-block-image alignwide size-full is-style-rounded is-style-rounded--1\"><img loading=\"lazy\" decoding=\"async\" width=\"2048\" height=\"1536\" src=\"https:\/\/iskonyapiinsaat.com\/wp-content\/uploads\/2024\/06\/WhatsApp-Gorsel-2024-05-16-saat-15.21.53_14b9543a.jpg\" alt=\"\" class=\"wp-image-46\" srcset=\"https:\/\/iskonyapiinsaat.com\/wp-content\/uploads\/2024\/06\/WhatsApp-Gorsel-2024-05-16-saat-15.21.53_14b9543a.jpg 2048w, https:\/\/iskonyapiinsaat.com\/wp-content\/uploads\/2024\/06\/WhatsApp-Gorsel-2024-05-16-saat-15.21.53_14b9543a-300x225.jpg 300w, https:\/\/iskonyapiinsaat.com\/wp-content\/uploads\/2024\/06\/WhatsApp-Gorsel-2024-05-16-saat-15.21.53_14b9543a-1024x768.jpg 1024w, https:\/\/iskonyapiinsaat.com\/wp-content\/uploads\/2024\/06\/WhatsApp-Gorsel-2024-05-16-saat-15.21.53_14b9543a-768x576.jpg 768w, https:\/\/iskonyapiinsaat.com\/wp-content\/uploads\/2024\/06\/WhatsApp-Gorsel-2024-05-16-saat-15.21.53_14b9543a-1536x1152.jpg 1536w\" sizes=\"auto, (max-width: 2048px) 100vw, 2048px\" \/><\/figure>\n<\/div>\n\n\n\n<div class=\"wp-block-group alignfull has-global-padding is-layout-constrained wp-container-core-group-is-layout-d89aad35 wp-block-group-is-layout-constrained\" style=\"margin-top:0;margin-bottom:0;padding-top:var(--wp--preset--spacing--50);padding-right:var(--wp--preset--spacing--50);padding-bottom:var(--wp--preset--spacing--50);padding-left:var(--wp--preset--spacing--50)\">\n<div class=\"wp-block-group alignfull has-background is-layout-flow wp-block-group-is-layout-flow\" style=\"background-color:#f5eac1;padding-top:6vw;padding-right:6vw;padding-bottom:6vw;padding-left:6vw\">\n<div class=\"wp-block-group is-vertical is-nowrap is-layout-flex wp-container-core-group-is-layout-36fd9ea3 wp-block-group-is-layout-flex\" style=\"padding-right:0;padding-left:0\">\n<h6 class=\"wp-block-heading has-text-color\" id=\"ecosystem\" style=\"color:#000000;font-size:clamp(14px, 0.875rem + ((1vw - 3.2px) * 0.208), 16px);\">Diamond Life<\/h6>\n\n\n\n<p class=\"has-text-color\" style=\"color:#000000;font-size:6vw;font-style:normal;font-weight:700;letter-spacing:0px;line-height:0.9;text-decoration:none;text-transform:none\">E\u015fsiz bir konumda<\/p>\n<\/div>\n\n\n\n<div style=\"height:1vw\" aria-hidden=\"true\" class=\"wp-block-spacer\"><\/div>\n\n\n\n<div class=\"wp-block-group alignwide is-vertical is-nowrap is-layout-flex wp-container-core-group-is-layout-7946b6b8 wp-block-group-is-layout-flex\" style=\"padding-top:0;padding-right:0;padding-bottom:0;padding-left:0\">\n<div class=\"wp-block-columns alignwide is-layout-flex wp-container-core-columns-is-layout-21b20327 wp-block-columns-is-layout-flex\">\n<div class=\"wp-block-column is-layout-flow wp-block-column-is-layout-flow\" style=\"flex-basis:33.38%\">\n<p><\/p>\n\n\n\n<p><\/p>\n\n\n\n<p class=\"has-text-color\" style=\"color:#000000;font-size:clamp(14px, 0.875rem + ((1vw - 3.2px) * 0.313), 17px);\">Tamamen \u00fc\u00e7gen arsaya imal edilmi\u015f bir bina.<\/p>\n\n\n\n<p>Fonksiyonel kullan\u0131m<\/p>\n\n\n\n<figure class=\"wp-block-image size-large\"><img loading=\"lazy\" decoding=\"async\" width=\"1024\" height=\"576\" src=\"https:\/\/iskonyapiinsaat.com\/wp-content\/uploads\/2024\/06\/DJI_0135-1024x576.jpg\" alt=\"\" class=\"wp-image-113\" srcset=\"https:\/\/iskonyapiinsaat.com\/wp-content\/uploads\/2024\/06\/DJI_0135-1024x576.jpg 1024w, https:\/\/iskonyapiinsaat.com\/wp-content\/uploads\/2024\/06\/DJI_0135-300x169.jpg 300w, https:\/\/iskonyapiinsaat.com\/wp-content\/uploads\/2024\/06\/DJI_0135-768x432.jpg 768w, https:\/\/iskonyapiinsaat.com\/wp-content\/uploads\/2024\/06\/DJI_0135-1536x864.jpg 1536w, https:\/\/iskonyapiinsaat.com\/wp-content\/uploads\/2024\/06\/DJI_0135-2048x1152.jpg 2048w\" sizes=\"auto, (max-width: 1024px) 100vw, 1024px\" \/><\/figure>\n<\/div>\n\n\n\n<div class=\"wp-block-column is-layout-flow wp-block-column-is-layout-flow\" style=\"flex-basis:33%\">\n<div style=\"height:2vw\" aria-hidden=\"true\" class=\"wp-block-spacer\"><\/div>\n\n\n\n<figure class=\"wp-block-image size-large is-resized\"><img loading=\"lazy\" decoding=\"async\" width=\"1024\" height=\"684\" src=\"https:\/\/iskonyapiinsaat.com\/wp-content\/uploads\/2024\/06\/BIRLESMIS-1024x684.jpg\" alt=\"\" class=\"wp-image-110\" style=\"width:970px;height:auto\" srcset=\"https:\/\/iskonyapiinsaat.com\/wp-content\/uploads\/2024\/06\/BIRLESMIS-1024x684.jpg 1024w, https:\/\/iskonyapiinsaat.com\/wp-content\/uploads\/2024\/06\/BIRLESMIS-300x200.jpg 300w, https:\/\/iskonyapiinsaat.com\/wp-content\/uploads\/2024\/06\/BIRLESMIS-768x513.jpg 768w, https:\/\/iskonyapiinsaat.com\/wp-content\/uploads\/2024\/06\/BIRLESMIS-1536x1026.jpg 1536w, https:\/\/iskonyapiinsaat.com\/wp-content\/uploads\/2024\/06\/BIRLESMIS-2048x1368.jpg 2048w\" sizes=\"auto, (max-width: 1024px) 100vw, 1024px\" \/><\/figure>\n<\/div>\n<\/div>\n\n\n\n<div class=\"wp-block-columns alignwide is-layout-flex wp-container-core-columns-is-layout-c24efe4f wp-block-columns-is-layout-flex\">\n<div class=\"wp-block-column is-layout-flow wp-block-column-is-layout-flow\" style=\"flex-basis:69%\">\n<figure class=\"wp-block-image size-large is-resized\"><img loading=\"lazy\" decoding=\"async\" width=\"1024\" height=\"737\" src=\"https:\/\/iskonyapiinsaat.com\/wp-content\/uploads\/2024\/06\/PPPHE9930-1024x737.jpg\" alt=\"\" class=\"wp-image-112\" style=\"width:834px;height:auto\" srcset=\"https:\/\/iskonyapiinsaat.com\/wp-content\/uploads\/2024\/06\/PPPHE9930-1024x737.jpg 1024w, https:\/\/iskonyapiinsaat.com\/wp-content\/uploads\/2024\/06\/PPPHE9930-300x216.jpg 300w, https:\/\/iskonyapiinsaat.com\/wp-content\/uploads\/2024\/06\/PPPHE9930-768x553.jpg 768w, https:\/\/iskonyapiinsaat.com\/wp-content\/uploads\/2024\/06\/PPPHE9930-1536x1106.jpg 1536w, https:\/\/iskonyapiinsaat.com\/wp-content\/uploads\/2024\/06\/PPPHE9930.jpg 1909w\" sizes=\"auto, (max-width: 1024px) 100vw, 1024px\" \/><figcaption class=\"wp-element-caption\">DCIM\\100MEDIA\\DJI_0208.JPG<\/figcaption><\/figure>\n<\/div>\n\n\n\n<div class=\"wp-block-column is-vertically-aligned-center is-layout-flow wp-block-column-is-layout-flow\" style=\"flex-basis:33%\">\n<div style=\"height:2vw\" aria-hidden=\"true\" class=\"wp-block-spacer\"><\/div>\n\n\n\n<p class=\"has-text-align-center has-text-color\" style=\"color:#000000;font-size:clamp(14px, 0.875rem + ((1vw - 3.2px) * 0.313), 17px);\">Depreme dayan\u0131kl\u0131 kiri\u015fli rayda sistem<\/p>\n<\/div>\n<\/div>\n<\/div>\n<\/div>\n<\/div>\n\n\n\n<figure class=\"wp-block-embed is-type-video is-provider-youtube wp-block-embed-youtube wp-embed-aspect-16-9 wp-has-aspect-ratio\"><div class=\"wp-block-embed__wrapper\">\n<iframe loading=\"lazy\" title=\"Diamond Life Konutlar\u0131 iskonyap\u0131\" width=\"500\" height=\"281\" src=\"https:\/\/www.youtube.com\/embed\/fXUH7mAKW_c?feature=oembed\" frameborder=\"0\" allow=\"accelerometer; autoplay; clipboard-write; encrypted-media; gyroscope; picture-in-picture; web-share\" referrerpolicy=\"strict-origin-when-cross-origin\" allowfullscreen><\/iframe>\n<\/div><\/figure>\n\n\n\n<div class=\"wp-block-group alignfull has-global-padding is-layout-constrained wp-container-core-group-is-layout-b25ccd55 wp-block-group-is-layout-constrained\" style=\"margin-top:0;margin-bottom:0;padding-top:var(--wp--preset--spacing--50);padding-right:var(--wp--preset--spacing--50);padding-bottom:var(--wp--preset--spacing--50);padding-left:var(--wp--preset--spacing--50)\">\n<div class=\"wp-block-columns alignwide is-layout-flex wp-container-core-columns-is-layout-ff4b9c61 wp-block-columns-is-layout-flex\" style=\"margin-top:0;margin-bottom:0\">\n<div class=\"wp-block-column is-layout-flow wp-container-core-column-is-layout-8a368f38 wp-block-column-is-layout-flow\">\n<figure class=\"wp-block-image size-large is-style-rounded is-style-rounded--2\"><img loading=\"lazy\" decoding=\"async\" width=\"1024\" height=\"576\" src=\"https:\/\/iskonyapiinsaat.com\/wp-content\/uploads\/2024\/06\/AFDM5290-1024x576.jpg\" alt=\"\" class=\"wp-image-117\" style=\"aspect-ratio:4\/3;object-fit:cover\" srcset=\"https:\/\/iskonyapiinsaat.com\/wp-content\/uploads\/2024\/06\/AFDM5290-1024x576.jpg 1024w, https:\/\/iskonyapiinsaat.com\/wp-content\/uploads\/2024\/06\/AFDM5290-300x169.jpg 300w, https:\/\/iskonyapiinsaat.com\/wp-content\/uploads\/2024\/06\/AFDM5290-768x432.jpg 768w, https:\/\/iskonyapiinsaat.com\/wp-content\/uploads\/2024\/06\/AFDM5290-1536x864.jpg 1536w, https:\/\/iskonyapiinsaat.com\/wp-content\/uploads\/2024\/06\/AFDM5290-2048x1152.jpg 2048w\" sizes=\"auto, (max-width: 1024px) 100vw, 1024px\" \/><\/figure>\n\n\n\n<div style=\"height:var(--wp--preset--spacing--50)\" aria-hidden=\"true\" class=\"wp-block-spacer\"><\/div>\n\n\n\n<figure class=\"wp-block-image size-large is-style-rounded is-style-rounded--3\"><img loading=\"lazy\" decoding=\"async\" width=\"1024\" height=\"768\" src=\"https:\/\/iskonyapiinsaat.com\/wp-content\/uploads\/2024\/06\/IMG_2366-1-1024x768.jpg\" alt=\"\" class=\"wp-image-121\" style=\"aspect-ratio:1;object-fit:cover\" srcset=\"https:\/\/iskonyapiinsaat.com\/wp-content\/uploads\/2024\/06\/IMG_2366-1-1024x768.jpg 1024w, https:\/\/iskonyapiinsaat.com\/wp-content\/uploads\/2024\/06\/IMG_2366-1-300x225.jpg 300w, https:\/\/iskonyapiinsaat.com\/wp-content\/uploads\/2024\/06\/IMG_2366-1-768x576.jpg 768w, https:\/\/iskonyapiinsaat.com\/wp-content\/uploads\/2024\/06\/IMG_2366-1-1536x1152.jpg 1536w, https:\/\/iskonyapiinsaat.com\/wp-content\/uploads\/2024\/06\/IMG_2366-1-2048x1536.jpg 2048w\" sizes=\"auto, (max-width: 1024px) 100vw, 1024px\" \/><\/figure>\n\n\n\n<p>.<\/p>\n\n\n\n<div style=\"height:var(--wp--preset--spacing--50)\" aria-hidden=\"true\" class=\"wp-block-spacer\"><\/div>\n\n\n\n<p><\/p>\n\n\n\n<p><\/p>\n\n\n\n<figure class=\"wp-block-image size-large is-style-rounded is-style-rounded--4\"><img loading=\"lazy\" decoding=\"async\" width=\"1024\" height=\"768\" src=\"https:\/\/iskonyapiinsaat.com\/wp-content\/uploads\/2024\/06\/IMG_0283-1024x768.jpg\" alt=\"\" class=\"wp-image-132\" style=\"aspect-ratio:1;object-fit:cover\" srcset=\"https:\/\/iskonyapiinsaat.com\/wp-content\/uploads\/2024\/06\/IMG_0283-1024x768.jpg 1024w, https:\/\/iskonyapiinsaat.com\/wp-content\/uploads\/2024\/06\/IMG_0283-300x225.jpg 300w, https:\/\/iskonyapiinsaat.com\/wp-content\/uploads\/2024\/06\/IMG_0283-768x576.jpg 768w, https:\/\/iskonyapiinsaat.com\/wp-content\/uploads\/2024\/06\/IMG_0283-1536x1152.jpg 1536w, https:\/\/iskonyapiinsaat.com\/wp-content\/uploads\/2024\/06\/IMG_0283-2048x1536.jpg 2048w\" sizes=\"auto, (max-width: 1024px) 100vw, 1024px\" \/><\/figure>\n<\/div>\n\n\n\n<div class=\"wp-block-column is-layout-flow wp-container-core-column-is-layout-8a368f38 wp-block-column-is-layout-flow\">\n<div style=\"height:var(--wp--preset--spacing--50)\" aria-hidden=\"true\" class=\"wp-block-spacer\"><\/div>\n\n\n\n<figure class=\"wp-block-image size-large is-style-rounded is-style-rounded--5\"><img loading=\"lazy\" decoding=\"async\" width=\"1024\" height=\"1024\" src=\"https:\/\/iskonyapiinsaat.com\/wp-content\/uploads\/2024\/06\/VFML2404-1024x1024.jpg\" alt=\"\" class=\"wp-image-114\" style=\"aspect-ratio:3\/4;object-fit:cover\" srcset=\"https:\/\/iskonyapiinsaat.com\/wp-content\/uploads\/2024\/06\/VFML2404-1024x1024.jpg 1024w, https:\/\/iskonyapiinsaat.com\/wp-content\/uploads\/2024\/06\/VFML2404-300x300.jpg 300w, https:\/\/iskonyapiinsaat.com\/wp-content\/uploads\/2024\/06\/VFML2404-150x150.jpg 150w, https:\/\/iskonyapiinsaat.com\/wp-content\/uploads\/2024\/06\/VFML2404-768x768.jpg 768w, https:\/\/iskonyapiinsaat.com\/wp-content\/uploads\/2024\/06\/VFML2404-1536x1536.jpg 1536w, https:\/\/iskonyapiinsaat.com\/wp-content\/uploads\/2024\/06\/VFML2404-2048x2048.jpg 2048w\" sizes=\"auto, (max-width: 1024px) 100vw, 1024px\" \/><\/figure>\n\n\n\n<div style=\"height:var(--wp--preset--spacing--50)\" aria-hidden=\"true\" class=\"wp-block-spacer\"><\/div>\n\n\n\n<figure class=\"wp-block-image size-large is-style-rounded is-style-rounded--6\"><img loading=\"lazy\" decoding=\"async\" width=\"1024\" height=\"768\" src=\"https:\/\/iskonyapiinsaat.com\/wp-content\/uploads\/2024\/06\/IMG_0291-1024x768.jpg\" alt=\"\" class=\"wp-image-123\" style=\"aspect-ratio:1;object-fit:cover\" srcset=\"https:\/\/iskonyapiinsaat.com\/wp-content\/uploads\/2024\/06\/IMG_0291-1024x768.jpg 1024w, https:\/\/iskonyapiinsaat.com\/wp-content\/uploads\/2024\/06\/IMG_0291-300x225.jpg 300w, https:\/\/iskonyapiinsaat.com\/wp-content\/uploads\/2024\/06\/IMG_0291-768x576.jpg 768w, https:\/\/iskonyapiinsaat.com\/wp-content\/uploads\/2024\/06\/IMG_0291-1536x1152.jpg 1536w, https:\/\/iskonyapiinsaat.com\/wp-content\/uploads\/2024\/06\/IMG_0291-2048x1536.jpg 2048w\" sizes=\"auto, (max-width: 1024px) 100vw, 1024px\" \/><\/figure>\n\n\n\n<div style=\"height:var(--wp--preset--spacing--50)\" aria-hidden=\"true\" class=\"wp-block-spacer\"><\/div>\n\n\n\n<figure class=\"wp-block-image size-large is-style-rounded is-style-rounded--7\"><img loading=\"lazy\" decoding=\"async\" width=\"1024\" height=\"768\" src=\"https:\/\/iskonyapiinsaat.com\/wp-content\/uploads\/2024\/06\/IMG_2374-1024x768.jpg\" alt=\"\" class=\"wp-image-126\" style=\"aspect-ratio:1;object-fit:cover\" srcset=\"https:\/\/iskonyapiinsaat.com\/wp-content\/uploads\/2024\/06\/IMG_2374-1024x768.jpg 1024w, https:\/\/iskonyapiinsaat.com\/wp-content\/uploads\/2024\/06\/IMG_2374-300x225.jpg 300w, https:\/\/iskonyapiinsaat.com\/wp-content\/uploads\/2024\/06\/IMG_2374-768x576.jpg 768w, https:\/\/iskonyapiinsaat.com\/wp-content\/uploads\/2024\/06\/IMG_2374-1536x1152.jpg 1536w, https:\/\/iskonyapiinsaat.com\/wp-content\/uploads\/2024\/06\/IMG_2374-2048x1536.jpg 2048w\" sizes=\"auto, (max-width: 1024px) 100vw, 1024px\" \/><\/figure>\n<\/div>\n\n\n\n<div class=\"wp-block-column is-layout-flow wp-container-core-column-is-layout-8a368f38 wp-block-column-is-layout-flow\">\n<figure class=\"wp-block-image size-large is-resized is-style-rounded is-style-rounded--8\"><img loading=\"lazy\" decoding=\"async\" width=\"1024\" height=\"541\" src=\"https:\/\/iskonyapiinsaat.com\/wp-content\/uploads\/2024\/06\/IMG_E0336-1024x541.jpg\" alt=\"\" class=\"wp-image-119\" style=\"aspect-ratio:1.7777777777777777;object-fit:cover;width:384px;height:auto\" srcset=\"https:\/\/iskonyapiinsaat.com\/wp-content\/uploads\/2024\/06\/IMG_E0336-1024x541.jpg 1024w, https:\/\/iskonyapiinsaat.com\/wp-content\/uploads\/2024\/06\/IMG_E0336-300x159.jpg 300w, https:\/\/iskonyapiinsaat.com\/wp-content\/uploads\/2024\/06\/IMG_E0336-768x406.jpg 768w, https:\/\/iskonyapiinsaat.com\/wp-content\/uploads\/2024\/06\/IMG_E0336-1536x812.jpg 1536w, https:\/\/iskonyapiinsaat.com\/wp-content\/uploads\/2024\/06\/IMG_E0336-2048x1082.jpg 2048w\" sizes=\"auto, (max-width: 1024px) 100vw, 1024px\" \/><\/figure>\n\n\n\n<p><\/p>\n\n\n\n<div style=\"height:var(--wp--preset--spacing--50)\" aria-hidden=\"true\" class=\"wp-block-spacer\"><\/div>\n\n\n\n<p><\/p>\n\n\n\n<p><\/p>\n\n\n\n<figure class=\"wp-block-image size-large is-style-rounded is-style-rounded--9\"><img loading=\"lazy\" decoding=\"async\" width=\"1024\" height=\"768\" src=\"https:\/\/iskonyapiinsaat.com\/wp-content\/uploads\/2024\/06\/IMG_2316-1024x768.jpg\" alt=\"\" class=\"wp-image-124\" style=\"aspect-ratio:1;object-fit:cover\" srcset=\"https:\/\/iskonyapiinsaat.com\/wp-content\/uploads\/2024\/06\/IMG_2316-1024x768.jpg 1024w, https:\/\/iskonyapiinsaat.com\/wp-content\/uploads\/2024\/06\/IMG_2316-300x225.jpg 300w, https:\/\/iskonyapiinsaat.com\/wp-content\/uploads\/2024\/06\/IMG_2316-768x576.jpg 768w, https:\/\/iskonyapiinsaat.com\/wp-content\/uploads\/2024\/06\/IMG_2316-1536x1152.jpg 1536w, https:\/\/iskonyapiinsaat.com\/wp-content\/uploads\/2024\/06\/IMG_2316-2048x1536.jpg 2048w\" sizes=\"auto, (max-width: 1024px) 100vw, 1024px\" \/><\/figure>\n\n\n\n<p><\/p>\n\n\n\n<div style=\"height:var(--wp--preset--spacing--50)\" aria-hidden=\"true\" class=\"wp-block-spacer\"><\/div>\n\n\n\n<p><\/p>\n\n\n\n<p><\/p>\n\n\n\n<figure class=\"wp-block-image size-large is-style-rounded is-style-rounded--10\"><img loading=\"lazy\" decoding=\"async\" width=\"1024\" height=\"768\" src=\"https:\/\/iskonyapiinsaat.com\/wp-content\/uploads\/2024\/06\/IMG_0281-1024x768.jpg\" alt=\"\" class=\"wp-image-125\" style=\"aspect-ratio:1;object-fit:cover\" srcset=\"https:\/\/iskonyapiinsaat.com\/wp-content\/uploads\/2024\/06\/IMG_0281-1024x768.jpg 1024w, https:\/\/iskonyapiinsaat.com\/wp-content\/uploads\/2024\/06\/IMG_0281-300x225.jpg 300w, https:\/\/iskonyapiinsaat.com\/wp-content\/uploads\/2024\/06\/IMG_0281-768x576.jpg 768w, https:\/\/iskonyapiinsaat.com\/wp-content\/uploads\/2024\/06\/IMG_0281-1536x1152.jpg 1536w, https:\/\/iskonyapiinsaat.com\/wp-content\/uploads\/2024\/06\/IMG_0281-2048x1536.jpg 2048w\" sizes=\"auto, (max-width: 1024px) 100vw, 1024px\" \/><\/figure>\n<\/div>\n<\/div>\n<\/div>\n","protected":false},"excerpt":{"rendered":"<p>Elmastan ilham ald\u0131k sizin i\u00e7in tasarlad\u0131k. \ud83d\udc8e Manzara bir evin do\u011fal tablosudur. Diamond Life E\u015fsiz bir konumda Tamamen \u00fc\u00e7gen arsaya imal edilmi\u015f bir bina. Fonksiyonel kullan\u0131m Depreme dayan\u0131kl\u0131 kiri\u015fli rayda sistem .<\/p>\n","protected":false},"author":3,"featured_media":0,"parent":2,"menu_order":1,"comment_status":"closed","ping_status":"closed","template":"","meta":{"footnotes":""},"class_list":["post-45","page","type-page","status-publish","hentry"],"_links":{"self":[{"href":"https:\/\/iskonyapiinsaat.com\/index.php?rest_route=\/wp\/v2\/pages\/45","targetHints":{"allow":["GET"]}}],"collection":[{"href":"https:\/\/iskonyapiinsaat.com\/index.php?rest_route=\/wp\/v2\/pages"}],"about":[{"href":"https:\/\/iskonyapiinsaat.com\/index.php?rest_route=\/wp\/v2\/types\/page"}],"author":[{"embeddable":true,"href":"https:\/\/iskonyapiinsaat.com\/index.php?rest_route=\/wp\/v2\/users\/3"}],"replies":[{"embeddable":true,"href":"https:\/\/iskonyapiinsaat.com\/index.php?rest_route=%2Fwp%2Fv2%2Fcomments&post=45"}],"version-history":[{"count":16,"href":"https:\/\/iskonyapiinsaat.com\/index.php?rest_route=\/wp\/v2\/pages\/45\/revisions"}],"predecessor-version":[{"id":178,"href":"https:\/\/iskonyapiinsaat.com\/index.php?rest_route=\/wp\/v2\/pages\/45\/revisions\/178"}],"up":[{"embeddable":true,"href":"https:\/\/iskonyapiinsaat.com\/index.php?rest_route=\/wp\/v2\/pages\/2"}],"wp:attachment":[{"href":"https:\/\/iskonyapiinsaat.com\/index.php?rest_route=%2Fwp%2Fv2%2Fmedia&parent=45"}],"curies":[{"name":"wp","href":"https:\/\/api.w.org\/{rel}","templated":true}]}}