{"id":48,"date":"2024-06-06T06:39:10","date_gmt":"2024-06-06T06:39:10","guid":{"rendered":"https:\/\/iskonyapiinsaat.com\/?page_id=48"},"modified":"2024-06-07T08:01:39","modified_gmt":"2024-06-07T08:01:39","slug":"devam-eden-projeler","status":"publish","type":"page","link":"https:\/\/iskonyapiinsaat.com\/?page_id=48","title":{"rendered":"Projeler"},"content":{"rendered":"\n<div class=\"wp-block-group alignfull has-global-padding is-layout-constrained wp-container-core-group-is-layout-d89aad35 wp-block-group-is-layout-constrained\" style=\"margin-top:0;margin-bottom:0;padding-top:var(--wp--preset--spacing--50);padding-right:var(--wp--preset--spacing--50);padding-bottom:var(--wp--preset--spacing--50);padding-left:var(--wp--preset--spacing--50)\">\n<div class=\"wp-block-columns alignwide are-vertically-aligned-center is-layout-flex wp-container-core-columns-is-layout-47c06fe3 wp-block-columns-is-layout-flex\">\n<div class=\"wp-block-column is-vertically-aligned-center is-layout-flow wp-block-column-is-layout-flow\" style=\"flex-basis:50%\">\n<h2 class=\"wp-block-heading\">Yerinde d\u00f6n\u00fc\u015f\u00fcm projeleri<\/h2>\n\n\n\n<p>Hatay ili; \u0130skenderun, Arsuz, Belen il\u00e7elerinde 6 \u015eubat depremlerinde y\u0131k\u0131lan veya a\u011f\u0131r hasar binalar\u0131n yerinde d\u00f6n\u00fc\u015f\u00fcm\u00fcn\u00fc yapmaktay\u0131z.<\/p>\n\n\n\n<ul style=\"line-height:1.75\" class=\"is-style-checkmark-list wp-block-list\">\n<li>Devletimiz mesken daire ba\u015f\u0131 750.000 hibe , 750.000 kredi vermektedir. + 40.000 proje hibesi.<\/li>\n\n\n\n<li>Binan\u0131z\u0131n bulundu\u011fu b\u00f6lgeye uygun mimari ve statik uygulamalar\u0131<\/li>\n\n\n\n<li>Zeminde s\u0131v\u0131la\u015fma bulunan b\u00f6lgelerde Jet grout zemin iyile\u015ftirme.<\/li>\n<\/ul>\n\n\n\n<p>\u015eu anda 4 projemiz bulunmaktad\u0131r. Ruhsatlardan sonra proje detaylar\u0131 sitemizde ve sosyal medya hesaplar\u0131m\u0131zda payla\u015f\u0131lacakt\u0131r.<\/p>\n\n\n\n<div class=\"wp-block-buttons is-layout-flex wp-block-buttons-is-layout-flex\"><\/div>\n<\/div>\n\n\n\n<div class=\"wp-block-column is-vertically-aligned-center is-layout-flow wp-block-column-is-layout-flow\" style=\"flex-basis:50%\">\n<figure class=\"wp-block-image size-full is-style-rounded is-style-rounded--1\"><img loading=\"lazy\" decoding=\"async\" width=\"900\" height=\"600\" src=\"https:\/\/iskonyapiinsaat.com\/wp-content\/uploads\/2024\/06\/okul2.jpg\" alt=\"\" class=\"wp-image-156\" style=\"aspect-ratio:4\/3;object-fit:cover\" srcset=\"https:\/\/iskonyapiinsaat.com\/wp-content\/uploads\/2024\/06\/okul2.jpg 900w, https:\/\/iskonyapiinsaat.com\/wp-content\/uploads\/2024\/06\/okul2-300x200.jpg 300w, https:\/\/iskonyapiinsaat.com\/wp-content\/uploads\/2024\/06\/okul2-768x512.jpg 768w\" sizes=\"auto, (max-width: 900px) 100vw, 900px\" \/><\/figure>\n<\/div>\n<\/div>\n<\/div>\n\n\n\n<div class=\"wp-block-query is-layout-flow wp-block-query-is-layout-flow\"><ul class=\"wp-block-post-template is-layout-flow wp-block-post-template-is-layout-flow\"><li class=\"wp-block-post post-1 post type-post status-publish format-standard hentry category-uncategorized\"><\/li><\/ul><\/div>\n\n\n\n<div class=\"wp-block-group alignfull has-accent-background-color has-background has-global-padding is-layout-constrained wp-container-core-group-is-layout-669513ed wp-block-group-is-layout-constrained\" style=\"margin-top:0;margin-bottom:0;padding-top:var(--wp--preset--spacing--50);padding-right:var(--wp--preset--spacing--50);padding-bottom:var(--wp--preset--spacing--50);padding-left:var(--wp--preset--spacing--50)\">\n<div class=\"wp-block-columns alignwide is-layout-flex wp-container-core-columns-is-layout-1da03c2a wp-block-columns-is-layout-flex\">\n<div class=\"wp-block-column is-vertically-aligned-stretch is-layout-flow wp-block-column-is-layout-flow\" style=\"flex-basis:50%\">\n<div class=\"wp-block-group is-vertical is-content-justification-stretch is-layout-flex wp-container-core-group-is-layout-444d5ee8 wp-block-group-is-layout-flex\" style=\"min-height:100%\">\n<p class=\"has-heading-font-family has-x-large-font-size\" style=\"line-height:1.2\">\u0130skenderun meydan mahallesinde 55 daire<\/p>\n\n\n\n<div class=\"wp-block-group has-global-padding is-content-justification-left is-layout-constrained wp-container-core-group-is-layout-9fe8ed88 wp-block-group-is-layout-constrained\">\n<p class=\"wp-container-content-0733e5d0\"><\/p>\n\n\n\n<div class=\"wp-block-buttons is-layout-flex wp-block-buttons-is-layout-flex\"><\/div>\n<\/div>\n<\/div>\n<\/div>\n\n\n\n<div class=\"wp-block-column is-vertically-aligned-center is-layout-flow wp-block-column-is-layout-flow\" style=\"flex-basis:50%\">\n<figure class=\"wp-block-image size-large is-style-rounded is-style-rounded--2\"><img decoding=\"async\" src=\"https:\/\/iskonyapiinsaat.com\/wp-content\/themes\/twentytwentyfour\/assets\/images\/museum.webp\" alt=\"Kiasma M\u00fczesi'nde kavisli bir duvar boyunca bir rampa, Helsinki, Finlandiya\" style=\"aspect-ratio:3\/4;object-fit:cover\"\/><\/figure>\n<\/div>\n<\/div>\n<\/div>\n\n\n\n<div class=\"wp-block-group alignfull has-background is-layout-flow wp-block-group-is-layout-flow\" style=\"background-color:#f5eac1;padding-top:6vw;padding-right:6vw;padding-bottom:6vw;padding-left:6vw\">\n<div class=\"wp-block-group is-vertical is-nowrap is-layout-flex wp-container-core-group-is-layout-36fd9ea3 wp-block-group-is-layout-flex\" style=\"padding-right:0;padding-left:0\">\n<h6 class=\"wp-block-heading has-text-color\" id=\"ecosystem\" style=\"color:#000000;font-size:clamp(14px, 0.875rem + ((1vw - 3.2px) * 0.208), 16px);\">SIR\u00c7AYAPI &amp; AG ARGE YAPI <\/h6>\n\n\n\n<p class=\"has-text-color\" style=\"color:#000000;font-size:6vw;font-style:normal;font-weight:700;letter-spacing:0px;line-height:0.9;text-decoration:none;text-transform:none\">Akarca ilkokulu.<\/p>\n<\/div>\n\n\n\n<div style=\"height:1vw\" aria-hidden=\"true\" class=\"wp-block-spacer\"><\/div>\n\n\n\n<div class=\"wp-block-group alignwide is-vertical is-nowrap is-layout-flex wp-container-core-group-is-layout-7946b6b8 wp-block-group-is-layout-flex\" style=\"padding-top:0;padding-right:0;padding-bottom:0;padding-left:0\">\n<div class=\"wp-block-columns alignwide is-layout-flex wp-container-core-columns-is-layout-21b20327 wp-block-columns-is-layout-flex\">\n<div class=\"wp-block-column is-layout-flow wp-block-column-is-layout-flow\" style=\"flex-basis:33.38%\">\n<p><\/p>\n\n\n\n<p class=\"has-text-color\" style=\"color:#000000;font-size:clamp(14px, 0.875rem + ((1vw - 3.2px) * 0.313), 17px);\">Hatay \u0130skenderun Akarca k\u00f6y\u00fcnde y\u0131k\u0131lan ilkokulun yeninden yap\u0131m i\u015fi. 4 derslik 1 ana s\u0131n\u0131f\u0131 480 m2 tek katl\u0131 ilkokul binas\u0131 yap\u0131m\u0131 ba\u015flam\u0131\u015ft\u0131r.<\/p>\n\n\n\n<p class=\"has-text-color\" style=\"color:#000000;font-size:clamp(14px, 0.875rem + ((1vw - 3.2px) * 0.313), 17px);\">Hay\u0131rsever Ray sigorta firmas\u0131d\u0131r. Ray sigorta \u00e7al\u0131\u015fanlar\u0131 ve \u015firketinin de yard\u0131mlar\u0131yla deprem b\u00f6lgesinde y\u0131k\u0131lan Akarca ilkokulu yeniden yap\u0131lmaktad\u0131r. B\u00f6lge halk\u0131 ad\u0131na \u015f\u00fckranlar\u0131m\u0131z\u0131 sunuyoruz.<\/p>\n<\/div>\n\n\n\n<div class=\"wp-block-column is-layout-flow wp-block-column-is-layout-flow\" style=\"flex-basis:33%\">\n<div style=\"height:2vw\" aria-hidden=\"true\" class=\"wp-block-spacer\"><\/div>\n\n\n\n<figure class=\"wp-block-image size-large\"><img loading=\"lazy\" decoding=\"async\" width=\"1024\" height=\"768\" src=\"https:\/\/iskonyapiinsaat.com\/wp-content\/uploads\/2024\/06\/WhatsApp-Gorsel-2024-06-07-saat-10.42.20_5e844c61-1024x768.jpg\" alt=\"\" class=\"wp-image-158\" srcset=\"https:\/\/iskonyapiinsaat.com\/wp-content\/uploads\/2024\/06\/WhatsApp-Gorsel-2024-06-07-saat-10.42.20_5e844c61-1024x768.jpg 1024w, https:\/\/iskonyapiinsaat.com\/wp-content\/uploads\/2024\/06\/WhatsApp-Gorsel-2024-06-07-saat-10.42.20_5e844c61-300x225.jpg 300w, https:\/\/iskonyapiinsaat.com\/wp-content\/uploads\/2024\/06\/WhatsApp-Gorsel-2024-06-07-saat-10.42.20_5e844c61-768x576.jpg 768w, https:\/\/iskonyapiinsaat.com\/wp-content\/uploads\/2024\/06\/WhatsApp-Gorsel-2024-06-07-saat-10.42.20_5e844c61-1536x1152.jpg 1536w, https:\/\/iskonyapiinsaat.com\/wp-content\/uploads\/2024\/06\/WhatsApp-Gorsel-2024-06-07-saat-10.42.20_5e844c61-2048x1536.jpg 2048w\" sizes=\"auto, (max-width: 1024px) 100vw, 1024px\" \/><\/figure>\n<\/div>\n\n\n\n<div class=\"wp-block-column is-layout-flow wp-block-column-is-layout-flow\" style=\"flex-basis:33.62%\">\n<figure class=\"wp-block-image size-large\"><img loading=\"lazy\" decoding=\"async\" width=\"1024\" height=\"576\" src=\"https:\/\/iskonyapiinsaat.com\/wp-content\/uploads\/2024\/06\/WhatsApp-Gorsel-2024-06-07-saat-10.40.11_bf8cffc0-1024x576.jpg\" alt=\"\" class=\"wp-image-159\" srcset=\"https:\/\/iskonyapiinsaat.com\/wp-content\/uploads\/2024\/06\/WhatsApp-Gorsel-2024-06-07-saat-10.40.11_bf8cffc0-1024x576.jpg 1024w, https:\/\/iskonyapiinsaat.com\/wp-content\/uploads\/2024\/06\/WhatsApp-Gorsel-2024-06-07-saat-10.40.11_bf8cffc0-300x169.jpg 300w, https:\/\/iskonyapiinsaat.com\/wp-content\/uploads\/2024\/06\/WhatsApp-Gorsel-2024-06-07-saat-10.40.11_bf8cffc0-768x432.jpg 768w, https:\/\/iskonyapiinsaat.com\/wp-content\/uploads\/2024\/06\/WhatsApp-Gorsel-2024-06-07-saat-10.40.11_bf8cffc0-1536x864.jpg 1536w, https:\/\/iskonyapiinsaat.com\/wp-content\/uploads\/2024\/06\/WhatsApp-Gorsel-2024-06-07-saat-10.40.11_bf8cffc0-2048x1152.jpg 2048w\" sizes=\"auto, (max-width: 1024px) 100vw, 1024px\" \/><\/figure>\n<\/div>\n<\/div>\n\n\n\n<div class=\"wp-block-columns alignwide is-layout-flex wp-container-core-columns-is-layout-c24efe4f wp-block-columns-is-layout-flex\">\n<div class=\"wp-block-column is-layout-flow wp-block-column-is-layout-flow\" style=\"flex-basis:69%\">\n<figure class=\"wp-block-image size-large\"><img loading=\"lazy\" decoding=\"async\" width=\"1024\" height=\"576\" src=\"https:\/\/iskonyapiinsaat.com\/wp-content\/uploads\/2024\/06\/ray-sigorta_Exterior-Pool-1024x576.jpg\" alt=\"\" class=\"wp-image-160\" srcset=\"https:\/\/iskonyapiinsaat.com\/wp-content\/uploads\/2024\/06\/ray-sigorta_Exterior-Pool-1024x576.jpg 1024w, https:\/\/iskonyapiinsaat.com\/wp-content\/uploads\/2024\/06\/ray-sigorta_Exterior-Pool-300x169.jpg 300w, https:\/\/iskonyapiinsaat.com\/wp-content\/uploads\/2024\/06\/ray-sigorta_Exterior-Pool-768x432.jpg 768w, https:\/\/iskonyapiinsaat.com\/wp-content\/uploads\/2024\/06\/ray-sigorta_Exterior-Pool-1536x864.jpg 1536w, https:\/\/iskonyapiinsaat.com\/wp-content\/uploads\/2024\/06\/ray-sigorta_Exterior-Pool.jpg 1920w\" sizes=\"auto, (max-width: 1024px) 100vw, 1024px\" \/><\/figure>\n<\/div>\n\n\n\n<div class=\"wp-block-column is-vertically-aligned-center is-layout-flow wp-block-column-is-layout-flow\" style=\"flex-basis:33%\">\n<div style=\"height:2vw\" aria-hidden=\"true\" class=\"wp-block-spacer\"><\/div>\n\n\n\n<figure class=\"wp-block-image size-large\"><img loading=\"lazy\" decoding=\"async\" width=\"1024\" height=\"576\" src=\"https:\/\/iskonyapiinsaat.com\/wp-content\/uploads\/2024\/06\/ray-sigorta_Exterior-Night-Closeup-1024x576.jpg\" alt=\"\" class=\"wp-image-161\" srcset=\"https:\/\/iskonyapiinsaat.com\/wp-content\/uploads\/2024\/06\/ray-sigorta_Exterior-Night-Closeup-1024x576.jpg 1024w, https:\/\/iskonyapiinsaat.com\/wp-content\/uploads\/2024\/06\/ray-sigorta_Exterior-Night-Closeup-300x169.jpg 300w, https:\/\/iskonyapiinsaat.com\/wp-content\/uploads\/2024\/06\/ray-sigorta_Exterior-Night-Closeup-768x432.jpg 768w, https:\/\/iskonyapiinsaat.com\/wp-content\/uploads\/2024\/06\/ray-sigorta_Exterior-Night-Closeup-1536x864.jpg 1536w, https:\/\/iskonyapiinsaat.com\/wp-content\/uploads\/2024\/06\/ray-sigorta_Exterior-Night-Closeup.jpg 1920w\" sizes=\"auto, (max-width: 1024px) 100vw, 1024px\" \/><\/figure>\n\n\n\n<p class=\"has-text-color\" style=\"color:#000000;font-size:clamp(14px, 0.875rem + ((1vw - 3.2px) * 0.313), 17px);\">Yar\u0131nlara silinmez bir iz b\u0131rakmak&#8230;<\/p>\n\n\n\n<figure class=\"wp-block-image size-large\"><img loading=\"lazy\" decoding=\"async\" width=\"1024\" height=\"576\" src=\"https:\/\/iskonyapiinsaat.com\/wp-content\/uploads\/2024\/06\/ray-sigorta_Interior-Detail-1024x576.jpg\" alt=\"\" class=\"wp-image-162\" srcset=\"https:\/\/iskonyapiinsaat.com\/wp-content\/uploads\/2024\/06\/ray-sigorta_Interior-Detail-1024x576.jpg 1024w, https:\/\/iskonyapiinsaat.com\/wp-content\/uploads\/2024\/06\/ray-sigorta_Interior-Detail-300x169.jpg 300w, https:\/\/iskonyapiinsaat.com\/wp-content\/uploads\/2024\/06\/ray-sigorta_Interior-Detail-768x432.jpg 768w, https:\/\/iskonyapiinsaat.com\/wp-content\/uploads\/2024\/06\/ray-sigorta_Interior-Detail-1536x864.jpg 1536w, https:\/\/iskonyapiinsaat.com\/wp-content\/uploads\/2024\/06\/ray-sigorta_Interior-Detail.jpg 1920w\" sizes=\"auto, (max-width: 1024px) 100vw, 1024px\" \/><\/figure>\n<\/div>\n<\/div>\n<\/div>\n<\/div>\n\n\n\n<div class=\"wp-block-group alignfull has-accent-5-background-color has-background has-global-padding is-layout-constrained wp-container-core-group-is-layout-d89aad35 wp-block-group-is-layout-constrained\" style=\"margin-top:0;margin-bottom:0;padding-top:var(--wp--preset--spacing--50);padding-right:var(--wp--preset--spacing--50);padding-bottom:var(--wp--preset--spacing--50);padding-left:var(--wp--preset--spacing--50)\">\n<div class=\"wp-block-columns alignwide are-vertically-aligned-center is-layout-flex wp-container-core-columns-is-layout-1da03c2a wp-block-columns-is-layout-flex\">\n<div class=\"wp-block-column is-vertically-aligned-center is-layout-flow wp-block-column-is-layout-flow\" style=\"flex-basis:50%\">\n<figure class=\"wp-block-image size-full is-resized\"><img loading=\"lazy\" decoding=\"async\" width=\"592\" height=\"351\" src=\"https:\/\/iskonyapiinsaat.com\/wp-content\/uploads\/2024\/06\/Ekran-goruntusu-2024-06-07-104810.png\" alt=\"\" class=\"wp-image-165\" style=\"width:309px;height:auto\" srcset=\"https:\/\/iskonyapiinsaat.com\/wp-content\/uploads\/2024\/06\/Ekran-goruntusu-2024-06-07-104810.png 592w, https:\/\/iskonyapiinsaat.com\/wp-content\/uploads\/2024\/06\/Ekran-goruntusu-2024-06-07-104810-300x178.png 300w\" sizes=\"auto, (max-width: 592px) 100vw, 592px\" \/><\/figure>\n\n\n\n<h2 class=\"wp-block-heading is-style-rounded\">Begonvil Konaklar\u0131 Sar\u0131maz\u0131<\/h2>\n\n\n\n<ul style=\"line-height:1.75\" class=\"is-style-checkmark-list wp-block-list\">\n<li>Yak\u0131nda..<\/li>\n\n\n\n<li>25 villa<\/li>\n\n\n\n<li>Firmam\u0131z b\u00fcnyesinde; duvar, s\u0131va, boya, granit, mermer, d\u0131\u015f cephe, i\u00e7 cephe uygulamalar\u0131 yap\u0131lmaktad\u0131r. (S\u0131r\u00e7ayap\u0131 &amp; iskonyap\u0131 in\u015faat)<\/li>\n<\/ul>\n\n\n\n<div class=\"wp-block-buttons is-layout-flex wp-block-buttons-is-layout-flex\"><\/div>\n<\/div>\n\n\n\n<div class=\"wp-block-column is-vertically-aligned-center is-layout-flow wp-block-column-is-layout-flow\" style=\"flex-basis:50%\">\n<figure class=\"wp-block-image size-full is-resized\"><img loading=\"lazy\" decoding=\"async\" width=\"1041\" height=\"724\" src=\"https:\/\/iskonyapiinsaat.com\/wp-content\/uploads\/2024\/06\/Ekran-goruntusu-2024-06-07-104748.png\" alt=\"\" class=\"wp-image-166\" style=\"aspect-ratio:1.3333333333333333;object-fit:cover;width:589px;height:auto\" srcset=\"https:\/\/iskonyapiinsaat.com\/wp-content\/uploads\/2024\/06\/Ekran-goruntusu-2024-06-07-104748.png 1041w, https:\/\/iskonyapiinsaat.com\/wp-content\/uploads\/2024\/06\/Ekran-goruntusu-2024-06-07-104748-300x209.png 300w, https:\/\/iskonyapiinsaat.com\/wp-content\/uploads\/2024\/06\/Ekran-goruntusu-2024-06-07-104748-1024x712.png 1024w, https:\/\/iskonyapiinsaat.com\/wp-content\/uploads\/2024\/06\/Ekran-goruntusu-2024-06-07-104748-768x534.png 768w\" sizes=\"auto, (max-width: 1041px) 100vw, 1041px\" \/><\/figure>\n\n\n\n<p><\/p>\n<\/div>\n<\/div>\n\n\n\n<div class=\"wp-block-group alignfull has-global-padding is-layout-constrained wp-container-core-group-is-layout-b25ccd55 wp-block-group-is-layout-constrained\" style=\"margin-top:0;margin-bottom:0;padding-top:var(--wp--preset--spacing--50);padding-right:var(--wp--preset--spacing--50);padding-bottom:var(--wp--preset--spacing--50);padding-left:var(--wp--preset--spacing--50)\">\n<div class=\"wp-block-columns alignwide is-layout-flex wp-container-core-columns-is-layout-ff4b9c61 wp-block-columns-is-layout-flex\" style=\"margin-top:0;margin-bottom:0\">\n<div class=\"wp-block-column is-layout-flow wp-container-core-column-is-layout-8a368f38 wp-block-column-is-layout-flow\">\n<figure class=\"wp-block-image size-large is-style-rounded is-style-rounded--3\"><img loading=\"lazy\" decoding=\"async\" width=\"1024\" height=\"712\" src=\"https:\/\/iskonyapiinsaat.com\/wp-content\/uploads\/2024\/06\/Ekran-goruntusu-2024-06-07-104748-1024x712.png\" alt=\"\" class=\"wp-image-166\" style=\"aspect-ratio:4\/3;object-fit:cover\" srcset=\"https:\/\/iskonyapiinsaat.com\/wp-content\/uploads\/2024\/06\/Ekran-goruntusu-2024-06-07-104748-1024x712.png 1024w, https:\/\/iskonyapiinsaat.com\/wp-content\/uploads\/2024\/06\/Ekran-goruntusu-2024-06-07-104748-300x209.png 300w, https:\/\/iskonyapiinsaat.com\/wp-content\/uploads\/2024\/06\/Ekran-goruntusu-2024-06-07-104748-768x534.png 768w, https:\/\/iskonyapiinsaat.com\/wp-content\/uploads\/2024\/06\/Ekran-goruntusu-2024-06-07-104748.png 1041w\" sizes=\"auto, (max-width: 1024px) 100vw, 1024px\" \/><\/figure>\n\n\n\n<p><\/p>\n\n\n\n<div style=\"height:var(--wp--preset--spacing--50)\" aria-hidden=\"true\" class=\"wp-block-spacer\"><\/div>\n\n\n\n<figure class=\"wp-block-image size-full is-style-rounded is-style-rounded--4\"><img loading=\"lazy\" decoding=\"async\" width=\"991\" height=\"669\" src=\"https:\/\/iskonyapiinsaat.com\/wp-content\/uploads\/2024\/06\/Ekran-goruntusu-2024-06-07-105135.png\" alt=\"\" class=\"wp-image-167\" style=\"aspect-ratio:4\/3;object-fit:cover\" srcset=\"https:\/\/iskonyapiinsaat.com\/wp-content\/uploads\/2024\/06\/Ekran-goruntusu-2024-06-07-105135.png 991w, https:\/\/iskonyapiinsaat.com\/wp-content\/uploads\/2024\/06\/Ekran-goruntusu-2024-06-07-105135-300x203.png 300w, https:\/\/iskonyapiinsaat.com\/wp-content\/uploads\/2024\/06\/Ekran-goruntusu-2024-06-07-105135-768x518.png 768w\" sizes=\"auto, (max-width: 991px) 100vw, 991px\" \/><\/figure>\n<\/div>\n\n\n\n<div class=\"wp-block-column is-layout-flow wp-container-core-column-is-layout-8a368f38 wp-block-column-is-layout-flow\">\n<div style=\"height:var(--wp--preset--spacing--50)\" aria-hidden=\"true\" class=\"wp-block-spacer\"><\/div>\n\n\n\n<figure class=\"wp-block-image size-large is-style-rounded is-style-rounded--5\"><img loading=\"lazy\" decoding=\"async\" width=\"1024\" height=\"709\" src=\"https:\/\/iskonyapiinsaat.com\/wp-content\/uploads\/2024\/06\/Ekran-goruntusu-2024-06-07-105050-1024x709.png\" alt=\"\" class=\"wp-image-168\" style=\"aspect-ratio:1;object-fit:cover\" srcset=\"https:\/\/iskonyapiinsaat.com\/wp-content\/uploads\/2024\/06\/Ekran-goruntusu-2024-06-07-105050-1024x709.png 1024w, https:\/\/iskonyapiinsaat.com\/wp-content\/uploads\/2024\/06\/Ekran-goruntusu-2024-06-07-105050-300x208.png 300w, https:\/\/iskonyapiinsaat.com\/wp-content\/uploads\/2024\/06\/Ekran-goruntusu-2024-06-07-105050-768x532.png 768w, https:\/\/iskonyapiinsaat.com\/wp-content\/uploads\/2024\/06\/Ekran-goruntusu-2024-06-07-105050.png 1040w\" sizes=\"auto, (max-width: 1024px) 100vw, 1024px\" \/><\/figure>\n\n\n\n<p><\/p>\n\n\n\n<div style=\"height:var(--wp--preset--spacing--50)\" aria-hidden=\"true\" class=\"wp-block-spacer\"><\/div>\n\n\n\n<figure class=\"wp-block-image size-full is-style-rounded is-style-rounded--6\"><img loading=\"lazy\" decoding=\"async\" width=\"1040\" height=\"722\" src=\"https:\/\/iskonyapiinsaat.com\/wp-content\/uploads\/2024\/06\/Ekran-goruntusu-2024-06-07-105106.png\" alt=\"\" class=\"wp-image-169\" style=\"aspect-ratio:4\/3;object-fit:cover\" srcset=\"https:\/\/iskonyapiinsaat.com\/wp-content\/uploads\/2024\/06\/Ekran-goruntusu-2024-06-07-105106.png 1040w, https:\/\/iskonyapiinsaat.com\/wp-content\/uploads\/2024\/06\/Ekran-goruntusu-2024-06-07-105106-300x208.png 300w, https:\/\/iskonyapiinsaat.com\/wp-content\/uploads\/2024\/06\/Ekran-goruntusu-2024-06-07-105106-1024x711.png 1024w, https:\/\/iskonyapiinsaat.com\/wp-content\/uploads\/2024\/06\/Ekran-goruntusu-2024-06-07-105106-768x533.png 768w\" sizes=\"auto, (max-width: 1040px) 100vw, 1040px\" \/><\/figure>\n<\/div>\n<\/div>\n<\/div>\n<\/div>\n","protected":false},"excerpt":{"rendered":"<p>Yerinde d\u00f6n\u00fc\u015f\u00fcm projeleri Hatay ili; \u0130skenderun, Arsuz, Belen il\u00e7elerinde 6 \u015eubat depremlerinde y\u0131k\u0131lan veya a\u011f\u0131r hasar binalar\u0131n yerinde d\u00f6n\u00fc\u015f\u00fcm\u00fcn\u00fc yapmaktay\u0131z. \u015eu anda 4 projemiz bulunmaktad\u0131r. Ruhsatlardan sonra proje detaylar\u0131 sitemizde ve sosyal medya hesaplar\u0131m\u0131zda payla\u015f\u0131lacakt\u0131r. \u0130skenderun meydan mahallesinde 55 daire SIR\u00c7AYAPI &amp; AG ARGE YAPI Akarca ilkokulu. Hatay \u0130skenderun Akarca k\u00f6y\u00fcnde y\u0131k\u0131lan ilkokulun yeninden yap\u0131m [&hellip;]<\/p>\n","protected":false},"author":3,"featured_media":0,"parent":0,"menu_order":2,"comment_status":"closed","ping_status":"closed","template":"page-no-title","meta":{"footnotes":""},"class_list":["post-48","page","type-page","status-publish","hentry"],"_links":{"self":[{"href":"https:\/\/iskonyapiinsaat.com\/index.php?rest_route=\/wp\/v2\/pages\/48","targetHints":{"allow":["GET"]}}],"collection":[{"href":"https:\/\/iskonyapiinsaat.com\/index.php?rest_route=\/wp\/v2\/pages"}],"about":[{"href":"https:\/\/iskonyapiinsaat.com\/index.php?rest_route=\/wp\/v2\/types\/page"}],"author":[{"embeddable":true,"href":"https:\/\/iskonyapiinsaat.com\/index.php?rest_route=\/wp\/v2\/users\/3"}],"replies":[{"embeddable":true,"href":"https:\/\/iskonyapiinsaat.com\/index.php?rest_route=%2Fwp%2Fv2%2Fcomments&post=48"}],"version-history":[{"count":10,"href":"https:\/\/iskonyapiinsaat.com\/index.php?rest_route=\/wp\/v2\/pages\/48\/revisions"}],"predecessor-version":[{"id":171,"href":"https:\/\/iskonyapiinsaat.com\/index.php?rest_route=\/wp\/v2\/pages\/48\/revisions\/171"}],"wp:attachment":[{"href":"https:\/\/iskonyapiinsaat.com\/index.php?rest_route=%2Fwp%2Fv2%2Fmedia&parent=48"}],"curies":[{"name":"wp","href":"https:\/\/api.w.org\/{rel}","templated":true}]}}