{"id":52,"date":"2024-06-06T06:50:59","date_gmt":"2024-06-06T06:50:59","guid":{"rendered":"https:\/\/iskonyapiinsaat.com\/?page_id=52"},"modified":"2024-06-07T08:04:55","modified_gmt":"2024-06-07T08:04:55","slug":"hakkimizda","status":"publish","type":"page","link":"https:\/\/iskonyapiinsaat.com\/?page_id=52","title":{"rendered":"Hakk\u0131m\u0131zda"},"content":{"rendered":"\n<div style=\"height:var(--wp--preset--spacing--50)\" aria-hidden=\"true\" class=\"wp-block-spacer\"><\/div>\n\n\n\n<div class=\"wp-block-group alignwide has-global-padding is-layout-constrained wp-block-group-is-layout-constrained\">\n<h2 class=\"wp-block-heading alignwide has-text-align-center has-xx-large-font-size\" style=\"line-height:1.2\">Memnuniyetiniz bizim i\u00e7in b\u00fcy\u00fck bir onurdur.<\/h2>\n<\/div>\n\n\n\n<div class=\"wp-block-group alignfull has-base-2-background-color has-background has-global-padding is-layout-constrained wp-container-core-group-is-layout-669513ed wp-block-group-is-layout-constrained\" style=\"margin-top:0;margin-bottom:0;padding-top:var(--wp--preset--spacing--50);padding-right:var(--wp--preset--spacing--50);padding-bottom:var(--wp--preset--spacing--50);padding-left:var(--wp--preset--spacing--50)\">\n<div class=\"wp-block-group is-vertical is-content-justification-center is-layout-flex wp-container-core-group-is-layout-52b864f0 wp-block-group-is-layout-flex\">\n<h2 class=\"wp-block-heading has-text-align-center is-style-asterisk\">Mekan olu\u015fturma tutkusu<\/h2>\n\n\n\n<div style=\"height:0px\" aria-hidden=\"true\" class=\"wp-block-spacer wp-container-content-4f2ccadb\"><\/div>\n\n\n\n<p class=\"has-text-align-center\">Kapsaml\u0131 profesyonel hizmet paketimiz, ev sahiplerinden ticari geli\u015ftiricilere kadar \u00e7ok \u00e7e\u015fitli m\u00fc\u015fterilere hitap etmektedir.<\/p>\n<\/div>\n\n\n\n<div style=\"margin-top:0;margin-bottom:0;height:var(--wp--preset--spacing--40)\" aria-hidden=\"true\" class=\"wp-block-spacer\"><\/div>\n\n\n\n<div class=\"wp-block-columns alignwide is-layout-flex wp-container-core-columns-is-layout-d0bbbce0 wp-block-columns-is-layout-flex\">\n<div class=\"wp-block-column is-layout-flow wp-container-core-column-is-layout-e3d1c41b wp-block-column-is-layout-flow\">\n<h3 class=\"wp-block-heading has-text-align-left is-style-asterisk has-body-font-family has-medium-font-size\" style=\"font-style:normal;font-weight:600\">Yerinde d\u00f6n\u00fc\u015f\u00fcm<\/h3>\n\n\n\n<p class=\"has-text-align-left\">Depremde kullan\u0131lmaz duruma gelmi\u015f veya y\u0131k\u0131lm\u0131\u015f binalar\u0131n\u0131z\u0131 son y\u00f6netmeliklerle yeniden in\u015fa ediyoruz.<\/p>\n<\/div>\n\n\n\n<div class=\"wp-block-column is-layout-flow wp-container-core-column-is-layout-e3d1c41b wp-block-column-is-layout-flow\">\n<h3 class=\"wp-block-heading has-text-align-left is-style-asterisk has-body-font-family has-medium-font-size\" style=\"font-style:normal;font-weight:600\">Kentsel d\u00f6n\u00fc\u015f\u00fcm<\/h3>\n\n\n\n<p class=\"has-text-align-left\">Yeni her zaman iyidir. Kullan\u0131m \u00f6mr\u00fcn\u00fc tamamlam\u0131\u015f binalar\u0131n\u0131z\u0131 ak\u0131lc\u0131 mimari \u00e7\u00f6z\u00fcmlerle yeniliyoruz.<\/p>\n<\/div>\n\n\n\n<div class=\"wp-block-column is-layout-flow wp-container-core-column-is-layout-e3d1c41b wp-block-column-is-layout-flow\">\n<h3 class=\"wp-block-heading has-text-align-left is-style-asterisk has-body-font-family has-medium-font-size\" style=\"font-style:normal;font-weight:600\">Kat kar\u015f\u0131l\u0131\u011f\u0131 m\u00fcteahhitlik<\/h3>\n\n\n\n<p class=\"has-text-align-left\">Arsan\u0131za uygun ko\u015fullarda bina tasarlay\u0131p anahtar teslim dairelerinizi teslim ediyoruz<\/p>\n<\/div>\n<\/div>\n\n\n\n<div style=\"height:var(--wp--preset--spacing--20)\" aria-hidden=\"true\" class=\"wp-block-spacer\"><\/div>\n\n\n\n<div class=\"wp-block-columns alignwide is-layout-flex wp-container-core-columns-is-layout-d0bbbce0 wp-block-columns-is-layout-flex\">\n<div class=\"wp-block-column is-layout-flow wp-container-core-column-is-layout-e3d1c41b wp-block-column-is-layout-flow\">\n<h3 class=\"wp-block-heading has-text-align-left is-style-asterisk has-body-font-family has-medium-font-size\" style=\"font-style:normal;font-weight:600\">Taahh\u00fct<\/h3>\n\n\n\n<p class=\"has-text-align-left\">Arsan\u0131za bina yapmak isterseniz, anahtar teslim taahh\u00fct m\u00fcteahhitli\u011fi.<\/p>\n<\/div>\n\n\n\n<div class=\"wp-block-column is-layout-flow wp-container-core-column-is-layout-e3d1c41b wp-block-column-is-layout-flow\">\n<h3 class=\"wp-block-heading has-text-align-left is-style-asterisk has-body-font-family has-medium-font-size\" style=\"font-style:normal;font-weight:600\">Villa &#8211; m\u00fcstakil ev<\/h3>\n\n\n\n<p class=\"has-text-align-left\">Kim ba\u011f\u0131ms\u0131z bir evde oturmak istemez ki? Hayallerinizdeki evi tasarlayal\u0131m ve in\u015fa edelim. <\/p>\n<\/div>\n\n\n\n<div class=\"wp-block-column is-layout-flow wp-container-core-column-is-layout-e3d1c41b wp-block-column-is-layout-flow\">\n<h3 class=\"wp-block-heading has-text-align-left is-style-asterisk has-body-font-family has-medium-font-size\" style=\"font-style:normal;font-weight:600\">Alt ta\u015feronluk<\/h3>\n\n\n\n<p class=\"has-text-align-left\">\u0130n\u015faat\u0131n ta\u015feronluk gereken k\u0131s\u0131mlar\u0131n\u0131 uzman kadrolar\u0131m\u0131zla biz tamamlayal\u0131m.<\/p>\n<\/div>\n<\/div>\n<\/div>\n\n\n\n<div class=\"wp-block-group alignfull has-global-padding is-layout-constrained wp-container-core-group-is-layout-d89aad35 wp-block-group-is-layout-constrained\" style=\"margin-top:0;margin-bottom:0;padding-top:var(--wp--preset--spacing--50);padding-right:var(--wp--preset--spacing--50);padding-bottom:var(--wp--preset--spacing--50);padding-left:var(--wp--preset--spacing--50)\">\n<div class=\"wp-block-group alignwide has-global-padding is-layout-constrained wp-container-core-group-is-layout-19e250f3 wp-block-group-is-layout-constrained\">\n<div class=\"wp-block-group is-vertical is-content-justification-center is-layout-flex wp-container-core-group-is-layout-6329a8f3 wp-block-group-is-layout-flex\">\n<h2 class=\"wp-block-heading has-text-align-center is-style-asterisk\">\u0130n\u015faat. \u0130\u015fimiz.<\/h2>\n\n\n\n<p class=\"has-text-align-center\">Kapsaml\u0131 profesyonel hizmet yelpazemiz, ev sahiplerinden ticari geli\u015ftiricilere kadar geni\u015f bir m\u00fc\u015fteri kitlesine hitap ediyor.<\/p>\n<\/div>\n\n\n\n<div style=\"height:var(--wp--preset--spacing--40)\" aria-hidden=\"true\" class=\"wp-block-spacer\"><\/div>\n\n\n\n<div class=\"wp-block-columns alignwide is-layout-flex wp-container-core-columns-is-layout-d1c656ed wp-block-columns-is-layout-flex\">\n<div class=\"wp-block-column is-vertically-aligned-center is-layout-flow wp-block-column-is-layout-flow\" style=\"flex-basis:40%\">\n<h3 class=\"wp-block-heading is-style-asterisk\">Kaba in\u015faat uygulamas\u0131<\/h3>\n\n\n\n<ul style=\"line-height:1.75\" class=\"is-style-checkmark-list wp-block-list\">\n<li>Laboratuvar kontroll\u00fc beton.<\/li>\n\n\n\n<li>Laboratuvar kontroll\u00fc in\u015faat demiri.<\/li>\n\n\n\n<li>Ak\u0131lc\u0131 mimari \u00e7\u00f6z\u00fcmler.<\/li>\n<\/ul>\n<\/div>\n\n\n\n<div class=\"wp-block-column is-layout-flow wp-block-column-is-layout-flow\" style=\"flex-basis:50%\">\n<figure class=\"wp-block-image size-large is-resized is-style-rounded is-style-rounded--1\"><img loading=\"lazy\" decoding=\"async\" width=\"768\" height=\"1024\" src=\"https:\/\/iskonyapiinsaat.com\/wp-content\/uploads\/2024\/06\/kalip-768x1024.jpg\" alt=\"\" class=\"wp-image-70\" style=\"width:448px;height:auto\" srcset=\"https:\/\/iskonyapiinsaat.com\/wp-content\/uploads\/2024\/06\/kalip-768x1024.jpg 768w, https:\/\/iskonyapiinsaat.com\/wp-content\/uploads\/2024\/06\/kalip-225x300.jpg 225w, https:\/\/iskonyapiinsaat.com\/wp-content\/uploads\/2024\/06\/kalip-1152x1536.jpg 1152w, https:\/\/iskonyapiinsaat.com\/wp-content\/uploads\/2024\/06\/kalip-1536x2048.jpg 1536w, https:\/\/iskonyapiinsaat.com\/wp-content\/uploads\/2024\/06\/kalip-scaled.jpg 1920w\" sizes=\"auto, (max-width: 768px) 100vw, 768px\" \/><\/figure>\n<\/div>\n<\/div>\n\n\n\n<div style=\"height:var(--wp--preset--spacing--40)\" aria-hidden=\"true\" class=\"wp-block-spacer\"><\/div>\n\n\n\n<div class=\"wp-block-columns alignwide is-layout-flex wp-container-core-columns-is-layout-d1c656ed wp-block-columns-is-layout-flex\">\n<div class=\"wp-block-column is-layout-flow wp-block-column-is-layout-flow\" style=\"flex-basis:50%\">\n<figure class=\"wp-block-image size-large is-style-rounded is-style-rounded--2\"><img decoding=\"async\" src=\"https:\/\/iskonyapiinsaat.com\/wp-content\/themes\/twentytwentyfour\/assets\/images\/windows.webp\" alt=\"N\u00fcrnberg, Almanya'daki bir binan\u0131n pencereleri\"\/><\/figure>\n<\/div>\n\n\n\n<div class=\"wp-block-column is-vertically-aligned-center is-layout-flow wp-block-column-is-layout-flow\" style=\"flex-basis:40%\">\n<h3 class=\"wp-block-heading is-style-asterisk\">\u0130nce in\u015faat uygulamalar\u0131<\/h3>\n\n\n\n<ul style=\"line-height:1.75\" class=\"is-style-checkmark-list wp-block-list\">\n<li>D\u0131\u015f cephe, i\u00e7 cehpe<\/li>\n\n\n\n<li>S\u0131va, boya, al\u00e7\u0131pan, seramik<\/li>\n\n\n\n<li>Pencere, kap\u0131, mutfak<\/li>\n\n\n\n<li>Ki\u015fiye \u00f6zel i\u00e7 tasar\u0131m<\/li>\n\n\n\n<li>Alt ta\u015feronluk hizmetleri<\/li>\n<\/ul>\n<\/div>\n<\/div>\n<\/div>\n<\/div>\n\n\n\n<div class=\"wp-block-group alignfull has-base-color has-contrast-background-color has-text-color has-background has-global-padding is-layout-constrained wp-container-core-group-is-layout-ef3d885c wp-block-group-is-layout-constrained\" style=\"margin-top:0;margin-bottom:0;padding-top:var(--wp--preset--spacing--60);padding-right:var(--wp--preset--spacing--60);padding-bottom:var(--wp--preset--spacing--60);padding-left:var(--wp--preset--spacing--60)\">\n<div class=\"wp-block-group has-global-padding is-layout-constrained wp-block-group-is-layout-constrained\">\n<p class=\"has-text-align-center has-base-color has-text-color has-heading-font-family has-x-large-font-size\" style=\"line-height:1.2\"><em>\u201c\u0130malat, par\u00e7alar\u0131 bir araya getirmekten daha fazlas\u0131d\u0131r. Fikirler ortaya koymak, temel ilkeleri test etmek ve m\u00fchendisli\u011fin yan\u0131 s\u0131ra son montaj\u0131 m\u00fckemmelle\u015ftirmektir.&#8221;<\/em><\/p>\n\n\n\n<div style=\"height:var(--wp--preset--spacing--10)\" aria-hidden=\"true\" class=\"wp-block-spacer\"><\/div>\n\n\n\n<div class=\"wp-block-group is-vertical is-content-justification-center is-nowrap is-layout-flex wp-container-core-group-is-layout-2dc08cea wp-block-group-is-layout-flex\">\n<p class=\"has-text-align-center\" style=\"margin-top:var(--wp--preset--spacing--10);margin-bottom:0\">James Dyson<\/p>\n<\/div>\n<\/div>\n<\/div>\n\n\n\n<div class=\"wp-block-group alignfull has-global-padding is-layout-constrained wp-container-core-group-is-layout-d89aad35 wp-block-group-is-layout-constrained\" style=\"margin-top:0;margin-bottom:0;padding-top:var(--wp--preset--spacing--50);padding-right:var(--wp--preset--spacing--50);padding-bottom:var(--wp--preset--spacing--50);padding-left:var(--wp--preset--spacing--50)\"><\/div>\n","protected":false},"excerpt":{"rendered":"<p>Memnuniyetiniz bizim i\u00e7in b\u00fcy\u00fck bir onurdur. Mekan olu\u015fturma tutkusu Kapsaml\u0131 profesyonel hizmet paketimiz, ev sahiplerinden ticari geli\u015ftiricilere kadar \u00e7ok \u00e7e\u015fitli m\u00fc\u015fterilere hitap etmektedir. Yerinde d\u00f6n\u00fc\u015f\u00fcm Depremde kullan\u0131lmaz duruma gelmi\u015f veya y\u0131k\u0131lm\u0131\u015f binalar\u0131n\u0131z\u0131 son y\u00f6netmeliklerle yeniden in\u015fa ediyoruz. Kentsel d\u00f6n\u00fc\u015f\u00fcm Yeni her zaman iyidir. Kullan\u0131m \u00f6mr\u00fcn\u00fc tamamlam\u0131\u015f binalar\u0131n\u0131z\u0131 ak\u0131lc\u0131 mimari \u00e7\u00f6z\u00fcmlerle yeniliyoruz. Kat kar\u015f\u0131l\u0131\u011f\u0131 m\u00fcteahhitlik Arsan\u0131za [&hellip;]<\/p>\n","protected":false},"author":3,"featured_media":0,"parent":0,"menu_order":1,"comment_status":"closed","ping_status":"closed","template":"","meta":{"footnotes":""},"class_list":["post-52","page","type-page","status-publish","hentry"],"_links":{"self":[{"href":"https:\/\/iskonyapiinsaat.com\/index.php?rest_route=\/wp\/v2\/pages\/52","targetHints":{"allow":["GET"]}}],"collection":[{"href":"https:\/\/iskonyapiinsaat.com\/index.php?rest_route=\/wp\/v2\/pages"}],"about":[{"href":"https:\/\/iskonyapiinsaat.com\/index.php?rest_route=\/wp\/v2\/types\/page"}],"author":[{"embeddable":true,"href":"https:\/\/iskonyapiinsaat.com\/index.php?rest_route=\/wp\/v2\/users\/3"}],"replies":[{"embeddable":true,"href":"https:\/\/iskonyapiinsaat.com\/index.php?rest_route=%2Fwp%2Fv2%2Fcomments&post=52"}],"version-history":[{"count":8,"href":"https:\/\/iskonyapiinsaat.com\/index.php?rest_route=\/wp\/v2\/pages\/52\/revisions"}],"predecessor-version":[{"id":174,"href":"https:\/\/iskonyapiinsaat.com\/index.php?rest_route=\/wp\/v2\/pages\/52\/revisions\/174"}],"wp:attachment":[{"href":"https:\/\/iskonyapiinsaat.com\/index.php?rest_route=%2Fwp%2Fv2%2Fmedia&parent=52"}],"curies":[{"name":"wp","href":"https:\/\/api.w.org\/{rel}","templated":true}]}}