{"id":78,"date":"2024-06-06T08:39:30","date_gmt":"2024-06-06T08:39:30","guid":{"rendered":"https:\/\/iskonyapiinsaat.com\/?page_id=78"},"modified":"2024-06-06T14:12:09","modified_gmt":"2024-06-06T14:12:09","slug":"goksu-evleri","status":"publish","type":"page","link":"https:\/\/iskonyapiinsaat.com\/?page_id=78","title":{"rendered":"G\u00f6ksu Evleri"},"content":{"rendered":"\n<div class=\"wp-block-group alignfull has-accent-5-background-color has-background has-global-padding is-layout-constrained wp-container-core-group-is-layout-d89aad35 wp-block-group-is-layout-constrained\" style=\"margin-top:0;margin-bottom:0;padding-top:var(--wp--preset--spacing--50);padding-right:var(--wp--preset--spacing--50);padding-bottom:var(--wp--preset--spacing--50);padding-left:var(--wp--preset--spacing--50)\">\n<div class=\"wp-block-columns alignwide is-layout-flex wp-container-core-columns-is-layout-1da03c2a wp-block-columns-is-layout-flex\">\n<div class=\"wp-block-column is-vertically-aligned-center is-layout-flow wp-block-column-is-layout-flow\" style=\"flex-basis:60%\">\n<figure class=\"wp-block-image size-full is-style-rounded wp-duotone-unset-2 is-style-rounded--1\"><img loading=\"lazy\" decoding=\"async\" width=\"960\" height=\"640\" src=\"https:\/\/iskonyapiinsaat.com\/wp-content\/uploads\/2024\/06\/goksu.jpg\" alt=\"\" class=\"wp-image-64\" style=\"aspect-ratio:4\/3;object-fit:cover\" srcset=\"https:\/\/iskonyapiinsaat.com\/wp-content\/uploads\/2024\/06\/goksu.jpg 960w, https:\/\/iskonyapiinsaat.com\/wp-content\/uploads\/2024\/06\/goksu-300x200.jpg 300w, https:\/\/iskonyapiinsaat.com\/wp-content\/uploads\/2024\/06\/goksu-768x512.jpg 768w\" sizes=\"auto, (max-width: 960px) 100vw, 960px\" \/><\/figure>\n<\/div>\n\n\n\n<div class=\"wp-block-column is-layout-flow wp-block-column-is-layout-flow\" style=\"flex-basis:40%\">\n<h2 class=\"wp-block-heading\">Konya Sel\u00e7uklu Yaz\u0131r mahallesi<\/h2>\n\n\n\n<p>16 daireden olu\u015fan projemiz 2018 y\u0131l\u0131nda kullan\u0131ma ba\u015flam\u0131\u015ft\u0131r.<\/p>\n\n\n\n<p>Ag arge yap\u0131 enerji ltd \u015fti<\/p>\n\n\n\n<div class=\"wp-block-buttons is-layout-flex wp-block-buttons-is-layout-flex\"><\/div>\n<\/div>\n<\/div>\n<\/div>\n\n\n\n<div class=\"wp-block-group alignfull has-global-padding is-layout-constrained wp-container-core-group-is-layout-b25ccd55 wp-block-group-is-layout-constrained\" style=\"margin-top:0;margin-bottom:0;padding-top:var(--wp--preset--spacing--50);padding-right:var(--wp--preset--spacing--50);padding-bottom:var(--wp--preset--spacing--50);padding-left:var(--wp--preset--spacing--50)\">\n<div class=\"wp-block-columns alignwide is-layout-flex wp-container-core-columns-is-layout-ff4b9c61 wp-block-columns-is-layout-flex\" style=\"margin-top:0;margin-bottom:0\">\n<div class=\"wp-block-column is-layout-flow wp-container-core-column-is-layout-8a368f38 wp-block-column-is-layout-flow\">\n<figure class=\"wp-block-image size-large is-resized is-style-rounded is-style-rounded--3\"><img loading=\"lazy\" decoding=\"async\" width=\"1024\" height=\"768\" src=\"https:\/\/iskonyapiinsaat.com\/wp-content\/uploads\/2024\/06\/IMG_1956-1024x768.jpg\" alt=\"\" class=\"wp-image-96\" style=\"object-fit:cover;width:604px;height:auto\" srcset=\"https:\/\/iskonyapiinsaat.com\/wp-content\/uploads\/2024\/06\/IMG_1956-1024x768.jpg 1024w, https:\/\/iskonyapiinsaat.com\/wp-content\/uploads\/2024\/06\/IMG_1956-300x225.jpg 300w, https:\/\/iskonyapiinsaat.com\/wp-content\/uploads\/2024\/06\/IMG_1956-768x576.jpg 768w, https:\/\/iskonyapiinsaat.com\/wp-content\/uploads\/2024\/06\/IMG_1956-1536x1152.jpg 1536w, https:\/\/iskonyapiinsaat.com\/wp-content\/uploads\/2024\/06\/IMG_1956-2048x1536.jpg 2048w\" sizes=\"auto, (max-width: 1024px) 100vw, 1024px\" \/><\/figure>\n\n\n\n<div style=\"height:var(--wp--preset--spacing--50)\" aria-hidden=\"true\" class=\"wp-block-spacer\"><\/div>\n\n\n\n<figure class=\"wp-block-image size-full is-resized is-style-rounded is-style-rounded--4\"><img loading=\"lazy\" decoding=\"async\" width=\"768\" height=\"1024\" src=\"https:\/\/iskonyapiinsaat.com\/wp-content\/uploads\/2024\/06\/BWAA2466.jpg\" alt=\"\" class=\"wp-image-103\" style=\"object-fit:cover;width:449px;height:auto\" srcset=\"https:\/\/iskonyapiinsaat.com\/wp-content\/uploads\/2024\/06\/BWAA2466.jpg 768w, https:\/\/iskonyapiinsaat.com\/wp-content\/uploads\/2024\/06\/BWAA2466-225x300.jpg 225w\" sizes=\"auto, (max-width: 768px) 100vw, 768px\" \/><\/figure>\n\n\n\n<div style=\"height:var(--wp--preset--spacing--50)\" aria-hidden=\"true\" class=\"wp-block-spacer\"><\/div>\n\n\n\n<figure class=\"wp-block-image size-large is-resized is-style-rounded is-style-rounded--5\"><img loading=\"lazy\" decoding=\"async\" width=\"768\" height=\"1024\" src=\"https:\/\/iskonyapiinsaat.com\/wp-content\/uploads\/2024\/06\/DHKT6751-768x1024.jpg\" alt=\"\" class=\"wp-image-104\" style=\"object-fit:cover;width:444px;height:auto\" srcset=\"https:\/\/iskonyapiinsaat.com\/wp-content\/uploads\/2024\/06\/DHKT6751-768x1024.jpg 768w, https:\/\/iskonyapiinsaat.com\/wp-content\/uploads\/2024\/06\/DHKT6751-225x300.jpg 225w, https:\/\/iskonyapiinsaat.com\/wp-content\/uploads\/2024\/06\/DHKT6751-1152x1536.jpg 1152w, https:\/\/iskonyapiinsaat.com\/wp-content\/uploads\/2024\/06\/DHKT6751.jpg 1200w\" sizes=\"auto, (max-width: 768px) 100vw, 768px\" \/><\/figure>\n<\/div>\n\n\n\n<div class=\"wp-block-column is-layout-flow wp-container-core-column-is-layout-8a368f38 wp-block-column-is-layout-flow\">\n<figure class=\"wp-block-image size-large is-resized is-style-rounded is-style-rounded--6\"><img loading=\"lazy\" decoding=\"async\" width=\"1024\" height=\"768\" src=\"https:\/\/iskonyapiinsaat.com\/wp-content\/uploads\/2024\/06\/BXMO1208-1-1024x768.jpg\" alt=\"\" class=\"wp-image-101\" style=\"aspect-ratio:1.7777777777777777;object-fit:cover;width:640px;height:auto\" srcset=\"https:\/\/iskonyapiinsaat.com\/wp-content\/uploads\/2024\/06\/BXMO1208-1-1024x768.jpg 1024w, https:\/\/iskonyapiinsaat.com\/wp-content\/uploads\/2024\/06\/BXMO1208-1-300x225.jpg 300w, https:\/\/iskonyapiinsaat.com\/wp-content\/uploads\/2024\/06\/BXMO1208-1-768x576.jpg 768w, https:\/\/iskonyapiinsaat.com\/wp-content\/uploads\/2024\/06\/BXMO1208-1-1536x1152.jpg 1536w, https:\/\/iskonyapiinsaat.com\/wp-content\/uploads\/2024\/06\/BXMO1208-1.jpg 1600w\" sizes=\"auto, (max-width: 1024px) 100vw, 1024px\" \/><\/figure>\n\n\n\n<div style=\"height:var(--wp--preset--spacing--50)\" aria-hidden=\"true\" class=\"wp-block-spacer\"><\/div>\n\n\n\n<figure class=\"wp-block-image size-large is-resized is-style-rounded is-style-rounded--7\"><img loading=\"lazy\" decoding=\"async\" width=\"1024\" height=\"768\" src=\"https:\/\/iskonyapiinsaat.com\/wp-content\/uploads\/2024\/06\/FDTZ5695-1024x768.jpg\" alt=\"\" class=\"wp-image-99\" style=\"aspect-ratio:1.7777777777777777;object-fit:cover;width:640px;height:auto\" srcset=\"https:\/\/iskonyapiinsaat.com\/wp-content\/uploads\/2024\/06\/FDTZ5695-1024x768.jpg 1024w, https:\/\/iskonyapiinsaat.com\/wp-content\/uploads\/2024\/06\/FDTZ5695-300x225.jpg 300w, https:\/\/iskonyapiinsaat.com\/wp-content\/uploads\/2024\/06\/FDTZ5695-768x576.jpg 768w, https:\/\/iskonyapiinsaat.com\/wp-content\/uploads\/2024\/06\/FDTZ5695-1536x1152.jpg 1536w, https:\/\/iskonyapiinsaat.com\/wp-content\/uploads\/2024\/06\/FDTZ5695.jpg 1600w\" sizes=\"auto, (max-width: 1024px) 100vw, 1024px\" \/><\/figure>\n\n\n\n<div class=\"wp-block-group has-global-padding is-layout-constrained wp-block-group-is-layout-constrained\">\n<div class=\"wp-block-columns is-layout-flex wp-container-core-columns-is-layout-28f84493 wp-block-columns-is-layout-flex\">\n<div class=\"wp-block-column is-layout-flow wp-block-column-is-layout-flow\" style=\"flex-basis:100%\">\n<div class=\"wp-block-group is-nowrap is-layout-flex wp-container-core-group-is-layout-6c531013 wp-block-group-is-layout-flex\">\n<div style=\"height:var(--wp--preset--spacing--50);width:0px\" aria-hidden=\"true\" class=\"wp-block-spacer wp-container-content-956c9d2e\"><\/div>\n\n\n\n<div style=\"height:var(--wp--preset--spacing--50);width:393px\" aria-hidden=\"true\" class=\"wp-block-spacer wp-container-content-7e90cf73\"><\/div>\n<\/div>\n<\/div>\n<\/div>\n<\/div>\n\n\n\n<figure class=\"wp-block-image size-large is-resized is-style-rounded is-style-rounded--8\"><img loading=\"lazy\" decoding=\"async\" width=\"1024\" height=\"768\" src=\"https:\/\/iskonyapiinsaat.com\/wp-content\/uploads\/2024\/06\/IMG_0074-1024x768.jpg\" alt=\"\" class=\"wp-image-102\" style=\"aspect-ratio:1.7777777777777777;object-fit:cover;width:640px;height:auto\" srcset=\"https:\/\/iskonyapiinsaat.com\/wp-content\/uploads\/2024\/06\/IMG_0074-1024x768.jpg 1024w, https:\/\/iskonyapiinsaat.com\/wp-content\/uploads\/2024\/06\/IMG_0074-300x225.jpg 300w, https:\/\/iskonyapiinsaat.com\/wp-content\/uploads\/2024\/06\/IMG_0074-768x576.jpg 768w, https:\/\/iskonyapiinsaat.com\/wp-content\/uploads\/2024\/06\/IMG_0074-1536x1152.jpg 1536w, https:\/\/iskonyapiinsaat.com\/wp-content\/uploads\/2024\/06\/IMG_0074-2048x1536.jpg 2048w\" sizes=\"auto, (max-width: 1024px) 100vw, 1024px\" \/><\/figure>\n\n\n\n<p><\/p>\n\n\n\n<div style=\"height:var(--wp--preset--spacing--50)\" aria-hidden=\"true\" class=\"wp-block-spacer\"><\/div>\n\n\n\n<p><\/p>\n\n\n\n<figure class=\"wp-block-image size-large is-resized is-style-rounded is-style-rounded--9\"><img loading=\"lazy\" decoding=\"async\" width=\"1024\" height=\"768\" src=\"https:\/\/iskonyapiinsaat.com\/wp-content\/uploads\/2024\/06\/CCRK7251-1024x768.jpg\" alt=\"\" class=\"wp-image-105\" style=\"aspect-ratio:1.7777777777777777;object-fit:cover;width:640px;height:auto\" srcset=\"https:\/\/iskonyapiinsaat.com\/wp-content\/uploads\/2024\/06\/CCRK7251-1024x768.jpg 1024w, https:\/\/iskonyapiinsaat.com\/wp-content\/uploads\/2024\/06\/CCRK7251-300x225.jpg 300w, https:\/\/iskonyapiinsaat.com\/wp-content\/uploads\/2024\/06\/CCRK7251-768x576.jpg 768w, https:\/\/iskonyapiinsaat.com\/wp-content\/uploads\/2024\/06\/CCRK7251-1536x1152.jpg 1536w, https:\/\/iskonyapiinsaat.com\/wp-content\/uploads\/2024\/06\/CCRK7251.jpg 1600w\" sizes=\"auto, (max-width: 1024px) 100vw, 1024px\" \/><\/figure>\n\n\n\n<p><\/p>\n\n\n\n<div style=\"height:var(--wp--preset--spacing--50)\" aria-hidden=\"true\" class=\"wp-block-spacer\"><\/div>\n\n\n\n<p><\/p>\n\n\n\n<figure class=\"wp-block-image size-large is-resized is-style-rounded is-style-rounded--10\"><img loading=\"lazy\" decoding=\"async\" width=\"1024\" height=\"768\" src=\"https:\/\/iskonyapiinsaat.com\/wp-content\/uploads\/2024\/06\/IMG_0187-1024x768.jpg\" alt=\"\" class=\"wp-image-106\" style=\"aspect-ratio:1.7777777777777777;object-fit:cover;width:640px;height:auto\" srcset=\"https:\/\/iskonyapiinsaat.com\/wp-content\/uploads\/2024\/06\/IMG_0187-1024x768.jpg 1024w, https:\/\/iskonyapiinsaat.com\/wp-content\/uploads\/2024\/06\/IMG_0187-300x225.jpg 300w, https:\/\/iskonyapiinsaat.com\/wp-content\/uploads\/2024\/06\/IMG_0187-768x576.jpg 768w, https:\/\/iskonyapiinsaat.com\/wp-content\/uploads\/2024\/06\/IMG_0187-1536x1152.jpg 1536w, https:\/\/iskonyapiinsaat.com\/wp-content\/uploads\/2024\/06\/IMG_0187-2048x1536.jpg 2048w\" sizes=\"auto, (max-width: 1024px) 100vw, 1024px\" \/><\/figure>\n<\/div>\n<\/div>\n\n\n\n<p><\/p>\n\n\n\n<p><\/p>\n<\/div>\n","protected":false},"excerpt":{"rendered":"<p>Konya Sel\u00e7uklu Yaz\u0131r mahallesi 16 daireden olu\u015fan projemiz 2018 y\u0131l\u0131nda kullan\u0131ma ba\u015flam\u0131\u015ft\u0131r. Ag arge yap\u0131 enerji ltd \u015fti<\/p>\n","protected":false},"author":3,"featured_media":0,"parent":2,"menu_order":2,"comment_status":"closed","ping_status":"closed","template":"","meta":{"footnotes":""},"class_list":["post-78","page","type-page","status-publish","hentry"],"_links":{"self":[{"href":"https:\/\/iskonyapiinsaat.com\/index.php?rest_route=\/wp\/v2\/pages\/78","targetHints":{"allow":["GET"]}}],"collection":[{"href":"https:\/\/iskonyapiinsaat.com\/index.php?rest_route=\/wp\/v2\/pages"}],"about":[{"href":"https:\/\/iskonyapiinsaat.com\/index.php?rest_route=\/wp\/v2\/types\/page"}],"author":[{"embeddable":true,"href":"https:\/\/iskonyapiinsaat.com\/index.php?rest_route=\/wp\/v2\/users\/3"}],"replies":[{"embeddable":true,"href":"https:\/\/iskonyapiinsaat.com\/index.php?rest_route=%2Fwp%2Fv2%2Fcomments&post=78"}],"version-history":[{"count":6,"href":"https:\/\/iskonyapiinsaat.com\/index.php?rest_route=\/wp\/v2\/pages\/78\/revisions"}],"predecessor-version":[{"id":149,"href":"https:\/\/iskonyapiinsaat.com\/index.php?rest_route=\/wp\/v2\/pages\/78\/revisions\/149"}],"up":[{"embeddable":true,"href":"https:\/\/iskonyapiinsaat.com\/index.php?rest_route=\/wp\/v2\/pages\/2"}],"wp:attachment":[{"href":"https:\/\/iskonyapiinsaat.com\/index.php?rest_route=%2Fwp%2Fv2%2Fmedia&parent=78"}],"curies":[{"name":"wp","href":"https:\/\/api.w.org\/{rel}","templated":true}]}}